{"id":4553,"date":"2025-04-17T16:23:21","date_gmt":"2025-04-17T14:23:21","guid":{"rendered":"https:\/\/www.afrikisol.com\/last\/?post_type=product&#038;p=4553"},"modified":"2025-04-23T14:51:03","modified_gmt":"2025-04-23T12:51:03","slug":"meches","status":"publish","type":"product","link":"https:\/\/www.afrikisol.com\/?product=meches","title":{"rendered":"M\u00e8ches"},"content":{"rendered":"<p>M\u00e8che extra courte acier noir et inox<br \/>\n\u04443,5<br \/>\n\u04444<\/p>\n<p>Un foret ou une m\u00e8che est un outil qui sert \u00e0 faire ou usiner des trous, le plus souvent avec une perceuse. Il en existe diff\u00e9rents types.<\/p>\n","protected":false},"excerpt":{"rendered":"<p>M\u00e8che extra courte acier noir et inox \u04443,5 \u04444 Un foret ou une m\u00e8che est un outil qui sert \u00e0 faire ou usiner des trous, le plus souvent avec une perceuse. Il en existe diff\u00e9rents types.<\/p>\n","protected":false},"featured_media":4637,"comment_status":"open","ping_status":"closed","template":"","meta":[],"product_brand":[],"product_cat":[103],"product_tag":[],"class_list":{"0":"post-4553","1":"product","2":"type-product","3":"status-publish","4":"has-post-thumbnail","6":"product_cat-visseries-boulonneries-etancheite","8":"first","9":"instock","10":"shipping-taxable","11":"product-type-simple"},"_links":{"self":[{"href":"https:\/\/www.afrikisol.com\/index.php?rest_route=\/wp\/v2\/product\/4553","targetHints":{"allow":["GET"]}}],"collection":[{"href":"https:\/\/www.afrikisol.com\/index.php?rest_route=\/wp\/v2\/product"}],"about":[{"href":"https:\/\/www.afrikisol.com\/index.php?rest_route=\/wp\/v2\/types\/product"}],"replies":[{"embeddable":true,"href":"https:\/\/www.afrikisol.com\/index.php?rest_route=%2Fwp%2Fv2%2Fcomments&post=4553"}],"wp:featuredmedia":[{"embeddable":true,"href":"https:\/\/www.afrikisol.com\/index.php?rest_route=\/wp\/v2\/media\/4637"}],"wp:attachment":[{"href":"https:\/\/www.afrikisol.com\/index.php?rest_route=%2Fwp%2Fv2%2Fmedia&parent=4553"}],"wp:term":[{"taxonomy":"product_brand","embeddable":true,"href":"https:\/\/www.afrikisol.com\/index.php?rest_route=%2Fwp%2Fv2%2Fproduct_brand&post=4553"},{"taxonomy":"product_cat","embeddable":true,"href":"https:\/\/www.afrikisol.com\/index.php?rest_route=%2Fwp%2Fv2%2Fproduct_cat&post=4553"},{"taxonomy":"product_tag","embeddable":true,"href":"https:\/\/www.afrikisol.com\/index.php?rest_route=%2Fwp%2Fv2%2Fproduct_tag&post=4553"}],"curies":[{"name":"wp","href":"https:\/\/api.w.org\/{rel}","templated":true}]}}