{"id":4547,"date":"2025-04-17T16:18:59","date_gmt":"2025-04-17T14:18:59","guid":{"rendered":"https:\/\/www.afrikisol.com\/last\/?post_type=product&#038;p=4547"},"modified":"2025-04-23T14:54:38","modified_gmt":"2025-04-23T12:54:38","slug":"clips-de-fixation","status":"publish","type":"product","link":"https:\/\/www.afrikisol.com\/?product=clips-de-fixation","title":{"rendered":"Clips de fixation"},"content":{"rendered":"<p>Clips de fixation laine\/ prestole<\/p>\n<p>Attache r\u00e9sistante qui permet l\u2019assemblage, se sont des pi\u00e8ces destin\u00e9es \u00e0 la fixation d\u2019isolants.<\/p>\n","protected":false},"excerpt":{"rendered":"<p>Clips de fixation laine\/ prestole Attache r\u00e9sistante qui permet l\u2019assemblage, se sont des pi\u00e8ces destin\u00e9es \u00e0 la fixation d\u2019isolants.<\/p>\n","protected":false},"featured_media":4639,"comment_status":"open","ping_status":"closed","template":"","meta":[],"product_brand":[],"product_cat":[103],"product_tag":[],"class_list":{"0":"post-4547","1":"product","2":"type-product","3":"status-publish","4":"has-post-thumbnail","6":"product_cat-visseries-boulonneries-etancheite","8":"first","9":"instock","10":"shipping-taxable","11":"product-type-simple"},"_links":{"self":[{"href":"https:\/\/www.afrikisol.com\/index.php?rest_route=\/wp\/v2\/product\/4547","targetHints":{"allow":["GET"]}}],"collection":[{"href":"https:\/\/www.afrikisol.com\/index.php?rest_route=\/wp\/v2\/product"}],"about":[{"href":"https:\/\/www.afrikisol.com\/index.php?rest_route=\/wp\/v2\/types\/product"}],"replies":[{"embeddable":true,"href":"https:\/\/www.afrikisol.com\/index.php?rest_route=%2Fwp%2Fv2%2Fcomments&post=4547"}],"wp:featuredmedia":[{"embeddable":true,"href":"https:\/\/www.afrikisol.com\/index.php?rest_route=\/wp\/v2\/media\/4639"}],"wp:attachment":[{"href":"https:\/\/www.afrikisol.com\/index.php?rest_route=%2Fwp%2Fv2%2Fmedia&parent=4547"}],"wp:term":[{"taxonomy":"product_brand","embeddable":true,"href":"https:\/\/www.afrikisol.com\/index.php?rest_route=%2Fwp%2Fv2%2Fproduct_brand&post=4547"},{"taxonomy":"product_cat","embeddable":true,"href":"https:\/\/www.afrikisol.com\/index.php?rest_route=%2Fwp%2Fv2%2Fproduct_cat&post=4547"},{"taxonomy":"product_tag","embeddable":true,"href":"https:\/\/www.afrikisol.com\/index.php?rest_route=%2Fwp%2Fv2%2Fproduct_tag&post=4547"}],"curies":[{"name":"wp","href":"https:\/\/api.w.org\/{rel}","templated":true}]}}