{"id":4545,"date":"2025-04-17T16:15:51","date_gmt":"2025-04-17T14:15:51","guid":{"rendered":"https:\/\/www.afrikisol.com\/last\/?post_type=product&#038;p=4545"},"modified":"2025-04-23T14:56:43","modified_gmt":"2025-04-23T12:56:43","slug":"foster-silicone","status":"publish","type":"product","link":"https:\/\/www.afrikisol.com\/?product=foster-silicone","title":{"rendered":"Foster Silicone"},"content":{"rendered":"<p>Foster Silicone 95-44<\/p>\n<p>Un joint de scellement souple, \u00e9tanche \u00e0 la vapeur d\u2019eau. Il est utilis\u00e9 avec tous les mat\u00e9riaux isolants.\u00a0De par sa composition, il reste souple ind\u00e9finiment permettant ainsi d\u2019absorber les mouvements diff\u00e9rentiels des isolants sur les installations.\u00a0Son excellente \u00e9tanch\u00e9it\u00e9 lui permet d\u2019obturer tr\u00e8s efficacement tous les arr\u00eats de frigorifuges supprimant ainsi tous les dommages caus\u00e9s par la migration de la vapeur d\u2019eau.<\/p>\n","protected":false},"excerpt":{"rendered":"<p>Foster Silicone 95-44 Un joint de scellement souple, \u00e9tanche \u00e0 la vapeur d\u2019eau. Il est utilis\u00e9 avec tous les mat\u00e9riaux isolants.\u00a0De par sa composition, il reste souple ind\u00e9finiment permettant ainsi d\u2019absorber les mouvements diff\u00e9rentiels des isolants sur les installations.\u00a0Son excellente \u00e9tanch\u00e9it\u00e9 lui permet d\u2019obturer tr\u00e8s efficacement tous les arr\u00eats de frigorifuges supprimant ainsi tous les [&hellip;]<\/p>\n","protected":false},"featured_media":4641,"comment_status":"open","ping_status":"closed","template":"","meta":[],"product_brand":[],"product_cat":[103],"product_tag":[],"class_list":{"0":"post-4545","1":"product","2":"type-product","3":"status-publish","4":"has-post-thumbnail","6":"product_cat-visseries-boulonneries-etancheite","8":"first","9":"instock","10":"shipping-taxable","11":"product-type-simple"},"_links":{"self":[{"href":"https:\/\/www.afrikisol.com\/index.php?rest_route=\/wp\/v2\/product\/4545","targetHints":{"allow":["GET"]}}],"collection":[{"href":"https:\/\/www.afrikisol.com\/index.php?rest_route=\/wp\/v2\/product"}],"about":[{"href":"https:\/\/www.afrikisol.com\/index.php?rest_route=\/wp\/v2\/types\/product"}],"replies":[{"embeddable":true,"href":"https:\/\/www.afrikisol.com\/index.php?rest_route=%2Fwp%2Fv2%2Fcomments&post=4545"}],"wp:featuredmedia":[{"embeddable":true,"href":"https:\/\/www.afrikisol.com\/index.php?rest_route=\/wp\/v2\/media\/4641"}],"wp:attachment":[{"href":"https:\/\/www.afrikisol.com\/index.php?rest_route=%2Fwp%2Fv2%2Fmedia&parent=4545"}],"wp:term":[{"taxonomy":"product_brand","embeddable":true,"href":"https:\/\/www.afrikisol.com\/index.php?rest_route=%2Fwp%2Fv2%2Fproduct_brand&post=4545"},{"taxonomy":"product_cat","embeddable":true,"href":"https:\/\/www.afrikisol.com\/index.php?rest_route=%2Fwp%2Fv2%2Fproduct_cat&post=4545"},{"taxonomy":"product_tag","embeddable":true,"href":"https:\/\/www.afrikisol.com\/index.php?rest_route=%2Fwp%2Fv2%2Fproduct_tag&post=4545"}],"curies":[{"name":"wp","href":"https:\/\/api.w.org\/{rel}","templated":true}]}}