{"id":4543,"date":"2025-04-17T16:14:14","date_gmt":"2025-04-17T14:14:14","guid":{"rendered":"https:\/\/www.afrikisol.com\/last\/?post_type=product&#038;p=4543"},"modified":"2025-04-23T12:45:56","modified_gmt":"2025-04-23T10:45:56","slug":"rondelles-en-plastique-rondelle-neoprene","status":"publish","type":"product","link":"https:\/\/www.afrikisol.com\/?product=rondelles-en-plastique-rondelle-neoprene","title":{"rendered":"Rondelles en plastique \/ Rondelle n\u00e9opr\u00e8ne"},"content":{"rendered":"<p>Consiste essentiellement \u00e0 prot\u00e9ger la surface de la pi\u00e8ce qui va \u00eatre serr\u00e9e. Plac\u00e9e entre la t\u00eate de la vis et l\u2019\u00e9crou emp\u00eache le frottement entre les deux parties et assure une \u00e9tanch\u00e9it\u00e9 parfaite.<\/p>\n","protected":false},"excerpt":{"rendered":"<p>Consiste essentiellement \u00e0 prot\u00e9ger la surface de la pi\u00e8ce qui va \u00eatre serr\u00e9e. Plac\u00e9e entre la t\u00eate de la vis et l\u2019\u00e9crou emp\u00eache le frottement entre les deux parties et assure une \u00e9tanch\u00e9it\u00e9 parfaite.<\/p>\n","protected":false},"featured_media":4627,"comment_status":"open","ping_status":"closed","template":"","meta":[],"product_brand":[],"product_cat":[103],"product_tag":[],"class_list":{"0":"post-4543","1":"product","2":"type-product","3":"status-publish","4":"has-post-thumbnail","6":"product_cat-visseries-boulonneries-etancheite","8":"first","9":"instock","10":"shipping-taxable","11":"product-type-simple"},"_links":{"self":[{"href":"https:\/\/www.afrikisol.com\/index.php?rest_route=\/wp\/v2\/product\/4543","targetHints":{"allow":["GET"]}}],"collection":[{"href":"https:\/\/www.afrikisol.com\/index.php?rest_route=\/wp\/v2\/product"}],"about":[{"href":"https:\/\/www.afrikisol.com\/index.php?rest_route=\/wp\/v2\/types\/product"}],"replies":[{"embeddable":true,"href":"https:\/\/www.afrikisol.com\/index.php?rest_route=%2Fwp%2Fv2%2Fcomments&post=4543"}],"wp:featuredmedia":[{"embeddable":true,"href":"https:\/\/www.afrikisol.com\/index.php?rest_route=\/wp\/v2\/media\/4627"}],"wp:attachment":[{"href":"https:\/\/www.afrikisol.com\/index.php?rest_route=%2Fwp%2Fv2%2Fmedia&parent=4543"}],"wp:term":[{"taxonomy":"product_brand","embeddable":true,"href":"https:\/\/www.afrikisol.com\/index.php?rest_route=%2Fwp%2Fv2%2Fproduct_brand&post=4543"},{"taxonomy":"product_cat","embeddable":true,"href":"https:\/\/www.afrikisol.com\/index.php?rest_route=%2Fwp%2Fv2%2Fproduct_cat&post=4543"},{"taxonomy":"product_tag","embeddable":true,"href":"https:\/\/www.afrikisol.com\/index.php?rest_route=%2Fwp%2Fv2%2Fproduct_tag&post=4543"}],"curies":[{"name":"wp","href":"https:\/\/api.w.org\/{rel}","templated":true}]}}