{"id":4541,"date":"2025-04-17T16:07:53","date_gmt":"2025-04-17T14:07:53","guid":{"rendered":"https:\/\/www.afrikisol.com\/last\/?post_type=product&#038;p=4541"},"modified":"2025-04-23T14:48:12","modified_gmt":"2025-04-23T12:48:12","slug":"vis-auto-taraudeuse","status":"publish","type":"product","link":"https:\/\/www.afrikisol.com\/?product=vis-auto-taraudeuse","title":{"rendered":"Vis auto-taraudeuse"},"content":{"rendered":"<p>Vis auto-taraudeuse \u04446,3\/25 avec rondelle (Acier zingu\u00e9)<\/p>\n<p>vis auto foreuse\u00a0ou auto perceuse\u00a0est\u00a0tr\u00e8s souvent sollicit\u00e9e. Comme son nom l\u2019indique, elle permet de r\u00e9aliser un trou sans op\u00e9ration pr\u00e9alable, et donc sans autre outil n\u00e9cessaire.<\/p>\n","protected":false},"excerpt":{"rendered":"<p>Vis auto-taraudeuse \u04446,3\/25 avec rondelle (Acier zingu\u00e9) vis auto foreuse\u00a0ou auto perceuse\u00a0est\u00a0tr\u00e8s souvent sollicit\u00e9e. Comme son nom l\u2019indique, elle permet de r\u00e9aliser un trou sans op\u00e9ration pr\u00e9alable, et donc sans autre outil n\u00e9cessaire.<\/p>\n","protected":false},"featured_media":4635,"comment_status":"open","ping_status":"closed","template":"","meta":[],"product_brand":[],"product_cat":[103],"product_tag":[],"class_list":{"0":"post-4541","1":"product","2":"type-product","3":"status-publish","4":"has-post-thumbnail","6":"product_cat-visseries-boulonneries-etancheite","8":"first","9":"instock","10":"shipping-taxable","11":"product-type-simple"},"_links":{"self":[{"href":"https:\/\/www.afrikisol.com\/index.php?rest_route=\/wp\/v2\/product\/4541","targetHints":{"allow":["GET"]}}],"collection":[{"href":"https:\/\/www.afrikisol.com\/index.php?rest_route=\/wp\/v2\/product"}],"about":[{"href":"https:\/\/www.afrikisol.com\/index.php?rest_route=\/wp\/v2\/types\/product"}],"replies":[{"embeddable":true,"href":"https:\/\/www.afrikisol.com\/index.php?rest_route=%2Fwp%2Fv2%2Fcomments&post=4541"}],"wp:featuredmedia":[{"embeddable":true,"href":"https:\/\/www.afrikisol.com\/index.php?rest_route=\/wp\/v2\/media\/4635"}],"wp:attachment":[{"href":"https:\/\/www.afrikisol.com\/index.php?rest_route=%2Fwp%2Fv2%2Fmedia&parent=4541"}],"wp:term":[{"taxonomy":"product_brand","embeddable":true,"href":"https:\/\/www.afrikisol.com\/index.php?rest_route=%2Fwp%2Fv2%2Fproduct_brand&post=4541"},{"taxonomy":"product_cat","embeddable":true,"href":"https:\/\/www.afrikisol.com\/index.php?rest_route=%2Fwp%2Fv2%2Fproduct_cat&post=4541"},{"taxonomy":"product_tag","embeddable":true,"href":"https:\/\/www.afrikisol.com\/index.php?rest_route=%2Fwp%2Fv2%2Fproduct_tag&post=4541"}],"curies":[{"name":"wp","href":"https:\/\/api.w.org\/{rel}","templated":true}]}}