{"id":4539,"date":"2025-04-17T16:06:10","date_gmt":"2025-04-17T14:06:10","guid":{"rendered":"https:\/\/www.afrikisol.com\/last\/?post_type=product&#038;p=4539"},"modified":"2025-04-23T15:01:41","modified_gmt":"2025-04-23T13:01:41","slug":"vis","status":"publish","type":"product","link":"https:\/\/www.afrikisol.com\/?product=vis","title":{"rendered":"Vis"},"content":{"rendered":"<p>Vis Parker inox A2, 4,2\/13 \u2014 4,2 \/16 \u2014 4,2\/19<br \/>\nVis parker galvanis\u00e9 4,2\/13 \u2014 4,2\/16 \u2014 4,2\/19<\/p>\n<p>Vis\u00a0\u00e0 t\u00f4le ou\u00a0Parker\u00a0t\u00eate frais\u00e9e inviolable Torx avec t\u00e9ton central Torx Tamper inox A2. Ces\u00a0vis\u00a0permettront simplement de fixer et de prot\u00e9ger toutes vos installations.<\/p>\n","protected":false},"excerpt":{"rendered":"<p>Vis Parker inox A2, 4,2\/13 \u2014 4,2 \/16 \u2014 4,2\/19 Vis parker galvanis\u00e9 4,2\/13 \u2014 4,2\/16 \u2014 4,2\/19 Vis\u00a0\u00e0 t\u00f4le ou\u00a0Parker\u00a0t\u00eate frais\u00e9e inviolable Torx avec t\u00e9ton central Torx Tamper inox A2. Ces\u00a0vis\u00a0permettront simplement de fixer et de prot\u00e9ger toutes vos installations.<\/p>\n","protected":false},"featured_media":4644,"comment_status":"open","ping_status":"closed","template":"","meta":[],"product_brand":[],"product_cat":[103],"product_tag":[],"class_list":{"0":"post-4539","1":"product","2":"type-product","3":"status-publish","4":"has-post-thumbnail","6":"product_cat-visseries-boulonneries-etancheite","8":"first","9":"instock","10":"shipping-taxable","11":"product-type-simple"},"_links":{"self":[{"href":"https:\/\/www.afrikisol.com\/index.php?rest_route=\/wp\/v2\/product\/4539","targetHints":{"allow":["GET"]}}],"collection":[{"href":"https:\/\/www.afrikisol.com\/index.php?rest_route=\/wp\/v2\/product"}],"about":[{"href":"https:\/\/www.afrikisol.com\/index.php?rest_route=\/wp\/v2\/types\/product"}],"replies":[{"embeddable":true,"href":"https:\/\/www.afrikisol.com\/index.php?rest_route=%2Fwp%2Fv2%2Fcomments&post=4539"}],"wp:featuredmedia":[{"embeddable":true,"href":"https:\/\/www.afrikisol.com\/index.php?rest_route=\/wp\/v2\/media\/4644"}],"wp:attachment":[{"href":"https:\/\/www.afrikisol.com\/index.php?rest_route=%2Fwp%2Fv2%2Fmedia&parent=4539"}],"wp:term":[{"taxonomy":"product_brand","embeddable":true,"href":"https:\/\/www.afrikisol.com\/index.php?rest_route=%2Fwp%2Fv2%2Fproduct_brand&post=4539"},{"taxonomy":"product_cat","embeddable":true,"href":"https:\/\/www.afrikisol.com\/index.php?rest_route=%2Fwp%2Fv2%2Fproduct_cat&post=4539"},{"taxonomy":"product_tag","embeddable":true,"href":"https:\/\/www.afrikisol.com\/index.php?rest_route=%2Fwp%2Fv2%2Fproduct_tag&post=4539"}],"curies":[{"name":"wp","href":"https:\/\/api.w.org\/{rel}","templated":true}]}}