{"id":4537,"date":"2025-04-17T16:04:53","date_gmt":"2025-04-17T14:04:53","guid":{"rendered":"https:\/\/www.afrikisol.com\/last\/?post_type=product&#038;p=4537"},"modified":"2025-04-23T14:57:48","modified_gmt":"2025-04-23T12:57:48","slug":"fermeture","status":"publish","type":"product","link":"https:\/\/www.afrikisol.com\/?product=fermeture","title":{"rendered":"Fermeture"},"content":{"rendered":"<p>Fermeture inox moyen et Grand mod\u00e8le<br \/>\nFermeture aluminium moyen et Grand mod\u00e8le<br \/>\nFermeture galvanis\u00e9e moyenne et Grand mod\u00e8le<\/p>\n<p>Dispositif servant \u00e0 fermer les boites d\u00e9montables, disponible en plusieurs formats, Avec ou sans crochet, Avec ou sans porte cadenas, Petit ou grand mod\u00e8le, Acier zingu\u00e9, alu ou inox.<\/p>\n","protected":false},"excerpt":{"rendered":"<p>Fermeture inox moyen et Grand mod\u00e8le Fermeture aluminium moyen et Grand mod\u00e8le Fermeture galvanis\u00e9e moyenne et Grand mod\u00e8le Dispositif servant \u00e0 fermer les boites d\u00e9montables, disponible en plusieurs formats, Avec ou sans crochet, Avec ou sans porte cadenas, Petit ou grand mod\u00e8le, Acier zingu\u00e9, alu ou inox.<\/p>\n","protected":false},"featured_media":4642,"comment_status":"open","ping_status":"closed","template":"","meta":[],"product_brand":[],"product_cat":[103],"product_tag":[],"class_list":{"0":"post-4537","1":"product","2":"type-product","3":"status-publish","4":"has-post-thumbnail","6":"product_cat-visseries-boulonneries-etancheite","8":"first","9":"instock","10":"shipping-taxable","11":"product-type-simple"},"_links":{"self":[{"href":"https:\/\/www.afrikisol.com\/index.php?rest_route=\/wp\/v2\/product\/4537","targetHints":{"allow":["GET"]}}],"collection":[{"href":"https:\/\/www.afrikisol.com\/index.php?rest_route=\/wp\/v2\/product"}],"about":[{"href":"https:\/\/www.afrikisol.com\/index.php?rest_route=\/wp\/v2\/types\/product"}],"replies":[{"embeddable":true,"href":"https:\/\/www.afrikisol.com\/index.php?rest_route=%2Fwp%2Fv2%2Fcomments&post=4537"}],"wp:featuredmedia":[{"embeddable":true,"href":"https:\/\/www.afrikisol.com\/index.php?rest_route=\/wp\/v2\/media\/4642"}],"wp:attachment":[{"href":"https:\/\/www.afrikisol.com\/index.php?rest_route=%2Fwp%2Fv2%2Fmedia&parent=4537"}],"wp:term":[{"taxonomy":"product_brand","embeddable":true,"href":"https:\/\/www.afrikisol.com\/index.php?rest_route=%2Fwp%2Fv2%2Fproduct_brand&post=4537"},{"taxonomy":"product_cat","embeddable":true,"href":"https:\/\/www.afrikisol.com\/index.php?rest_route=%2Fwp%2Fv2%2Fproduct_cat&post=4537"},{"taxonomy":"product_tag","embeddable":true,"href":"https:\/\/www.afrikisol.com\/index.php?rest_route=%2Fwp%2Fv2%2Fproduct_tag&post=4537"}],"curies":[{"name":"wp","href":"https:\/\/api.w.org\/{rel}","templated":true}]}}