{"id":4535,"date":"2025-04-17T16:03:35","date_gmt":"2025-04-17T14:03:35","guid":{"rendered":"https:\/\/www.afrikisol.com\/last\/?post_type=product&#038;p=4535"},"modified":"2025-04-23T14:58:26","modified_gmt":"2025-04-23T12:58:26","slug":"boulonneries","status":"publish","type":"product","link":"https:\/\/www.afrikisol.com\/?product=boulonneries","title":{"rendered":"Boulonneries"},"content":{"rendered":"<p>Boulonneries galvanis\u00e9es ou inox<\/p>\n<p>Permet l\u2019assemblage de deux \u00e9l\u00e9ments et assure une fixation solide et r\u00e9sistante.<\/p>\n","protected":false},"excerpt":{"rendered":"<p>Boulonneries galvanis\u00e9es ou inox Permet l\u2019assemblage de deux \u00e9l\u00e9ments et assure une fixation solide et r\u00e9sistante.<\/p>\n","protected":false},"featured_media":4643,"comment_status":"open","ping_status":"closed","template":"","meta":[],"product_brand":[],"product_cat":[103],"product_tag":[],"class_list":{"0":"post-4535","1":"product","2":"type-product","3":"status-publish","4":"has-post-thumbnail","6":"product_cat-visseries-boulonneries-etancheite","8":"first","9":"instock","10":"shipping-taxable","11":"product-type-simple"},"_links":{"self":[{"href":"https:\/\/www.afrikisol.com\/index.php?rest_route=\/wp\/v2\/product\/4535","targetHints":{"allow":["GET"]}}],"collection":[{"href":"https:\/\/www.afrikisol.com\/index.php?rest_route=\/wp\/v2\/product"}],"about":[{"href":"https:\/\/www.afrikisol.com\/index.php?rest_route=\/wp\/v2\/types\/product"}],"replies":[{"embeddable":true,"href":"https:\/\/www.afrikisol.com\/index.php?rest_route=%2Fwp%2Fv2%2Fcomments&post=4535"}],"wp:featuredmedia":[{"embeddable":true,"href":"https:\/\/www.afrikisol.com\/index.php?rest_route=\/wp\/v2\/media\/4643"}],"wp:attachment":[{"href":"https:\/\/www.afrikisol.com\/index.php?rest_route=%2Fwp%2Fv2%2Fmedia&parent=4535"}],"wp:term":[{"taxonomy":"product_brand","embeddable":true,"href":"https:\/\/www.afrikisol.com\/index.php?rest_route=%2Fwp%2Fv2%2Fproduct_brand&post=4535"},{"taxonomy":"product_cat","embeddable":true,"href":"https:\/\/www.afrikisol.com\/index.php?rest_route=%2Fwp%2Fv2%2Fproduct_cat&post=4535"},{"taxonomy":"product_tag","embeddable":true,"href":"https:\/\/www.afrikisol.com\/index.php?rest_route=%2Fwp%2Fv2%2Fproduct_tag&post=4535"}],"curies":[{"name":"wp","href":"https:\/\/api.w.org\/{rel}","templated":true}]}}