{"id":4533,"date":"2025-04-17T15:59:44","date_gmt":"2025-04-17T13:59:44","guid":{"rendered":"https:\/\/www.afrikisol.com\/last\/?post_type=product&#038;p=4533"},"modified":"2025-04-23T15:02:56","modified_gmt":"2025-04-23T13:02:56","slug":"feuillard","status":"publish","type":"product","link":"https:\/\/www.afrikisol.com\/?product=feuillard","title":{"rendered":"Feuillard"},"content":{"rendered":"<p>Feuillard inox divers largeurs, \u00e9paisseur 0,5 mm<\/p>\n<p>Feuillard aluminium divers largeurs, \u00e9paisseur 0,5 mm<\/p>\n<p>Costaud, rigide, il se d\u00e9tend peu et assure un maintien longue dur\u00e9e de ses charges. Le feuillard m\u00e9tallique se caract\u00e9rise par une haute r\u00e9sistance \u00e0 la rupture. Et conserve parfaitement ses propri\u00e9t\u00e9s m\u00e9caniques dans le temps.<\/p>\n","protected":false},"excerpt":{"rendered":"<p>Feuillard inox divers largeurs, \u00e9paisseur 0,5 mm Feuillard aluminium divers largeurs, \u00e9paisseur 0,5 mm Costaud, rigide, il se d\u00e9tend peu et assure un maintien longue dur\u00e9e de ses charges. Le feuillard m\u00e9tallique se caract\u00e9rise par une haute r\u00e9sistance \u00e0 la rupture. Et conserve parfaitement ses propri\u00e9t\u00e9s m\u00e9caniques dans le temps.<\/p>\n","protected":false},"featured_media":4645,"comment_status":"open","ping_status":"closed","template":"","meta":[],"product_brand":[],"product_cat":[103],"product_tag":[],"class_list":{"0":"post-4533","1":"product","2":"type-product","3":"status-publish","4":"has-post-thumbnail","6":"product_cat-visseries-boulonneries-etancheite","8":"first","9":"instock","10":"shipping-taxable","11":"product-type-simple"},"_links":{"self":[{"href":"https:\/\/www.afrikisol.com\/index.php?rest_route=\/wp\/v2\/product\/4533","targetHints":{"allow":["GET"]}}],"collection":[{"href":"https:\/\/www.afrikisol.com\/index.php?rest_route=\/wp\/v2\/product"}],"about":[{"href":"https:\/\/www.afrikisol.com\/index.php?rest_route=\/wp\/v2\/types\/product"}],"replies":[{"embeddable":true,"href":"https:\/\/www.afrikisol.com\/index.php?rest_route=%2Fwp%2Fv2%2Fcomments&post=4533"}],"wp:featuredmedia":[{"embeddable":true,"href":"https:\/\/www.afrikisol.com\/index.php?rest_route=\/wp\/v2\/media\/4645"}],"wp:attachment":[{"href":"https:\/\/www.afrikisol.com\/index.php?rest_route=%2Fwp%2Fv2%2Fmedia&parent=4533"}],"wp:term":[{"taxonomy":"product_brand","embeddable":true,"href":"https:\/\/www.afrikisol.com\/index.php?rest_route=%2Fwp%2Fv2%2Fproduct_brand&post=4533"},{"taxonomy":"product_cat","embeddable":true,"href":"https:\/\/www.afrikisol.com\/index.php?rest_route=%2Fwp%2Fv2%2Fproduct_cat&post=4533"},{"taxonomy":"product_tag","embeddable":true,"href":"https:\/\/www.afrikisol.com\/index.php?rest_route=%2Fwp%2Fv2%2Fproduct_tag&post=4533"}],"curies":[{"name":"wp","href":"https:\/\/api.w.org\/{rel}","templated":true}]}}