{"id":4523,"date":"2025-04-17T15:52:23","date_gmt":"2025-04-17T13:52:23","guid":{"rendered":"https:\/\/www.afrikisol.com\/last\/?post_type=product&#038;p=4523"},"modified":"2025-04-23T14:47:00","modified_gmt":"2025-04-23T12:47:00","slug":"tubes-noirs-ou-inox","status":"publish","type":"product","link":"https:\/\/www.afrikisol.com\/?product=tubes-noirs-ou-inox","title":{"rendered":"Tubes noirs ou inox"},"content":{"rendered":"<p>Tube rectangulaire noir ou inox divers dimensions<br \/>\nFer rond noir et inox divers diam\u00e8tres \/ fer plat divers largeur diverses \u00e9paisseurs<\/p>\n<p>Tubes soudables pour construction m\u00e9talliques, de section carr\u00e9e, rectangulaire ou ronde, soud\u00e9s longitudinalement par induction et fabriqu\u00e9s \u00e0 partir de produits plats lamin\u00e9s \u00e0 froid.<\/p>\n","protected":false},"excerpt":{"rendered":"<p>Tube rectangulaire noir ou inox divers dimensions Fer rond noir et inox divers diam\u00e8tres \/ fer plat divers largeur diverses \u00e9paisseurs Tubes soudables pour construction m\u00e9talliques, de section carr\u00e9e, rectangulaire ou ronde, soud\u00e9s longitudinalement par induction et fabriqu\u00e9s \u00e0 partir de produits plats lamin\u00e9s \u00e0 froid.<\/p>\n","protected":false},"featured_media":4634,"comment_status":"open","ping_status":"closed","template":"","meta":[],"product_brand":[],"product_cat":[102],"product_tag":[],"class_list":{"0":"post-4523","1":"product","2":"type-product","3":"status-publish","4":"has-post-thumbnail","6":"product_cat-tuyauterie-et-accessoires","8":"first","9":"instock","10":"shipping-taxable","11":"product-type-simple"},"_links":{"self":[{"href":"https:\/\/www.afrikisol.com\/index.php?rest_route=\/wp\/v2\/product\/4523","targetHints":{"allow":["GET"]}}],"collection":[{"href":"https:\/\/www.afrikisol.com\/index.php?rest_route=\/wp\/v2\/product"}],"about":[{"href":"https:\/\/www.afrikisol.com\/index.php?rest_route=\/wp\/v2\/types\/product"}],"replies":[{"embeddable":true,"href":"https:\/\/www.afrikisol.com\/index.php?rest_route=%2Fwp%2Fv2%2Fcomments&post=4523"}],"wp:featuredmedia":[{"embeddable":true,"href":"https:\/\/www.afrikisol.com\/index.php?rest_route=\/wp\/v2\/media\/4634"}],"wp:attachment":[{"href":"https:\/\/www.afrikisol.com\/index.php?rest_route=%2Fwp%2Fv2%2Fmedia&parent=4523"}],"wp:term":[{"taxonomy":"product_brand","embeddable":true,"href":"https:\/\/www.afrikisol.com\/index.php?rest_route=%2Fwp%2Fv2%2Fproduct_brand&post=4523"},{"taxonomy":"product_cat","embeddable":true,"href":"https:\/\/www.afrikisol.com\/index.php?rest_route=%2Fwp%2Fv2%2Fproduct_cat&post=4523"},{"taxonomy":"product_tag","embeddable":true,"href":"https:\/\/www.afrikisol.com\/index.php?rest_route=%2Fwp%2Fv2%2Fproduct_tag&post=4523"}],"curies":[{"name":"wp","href":"https:\/\/api.w.org\/{rel}","templated":true}]}}