{"id":4519,"date":"2025-04-17T15:49:55","date_gmt":"2025-04-17T13:49:55","guid":{"rendered":"https:\/\/www.afrikisol.com\/last\/?post_type=product&#038;p=4519"},"modified":"2025-04-23T15:07:58","modified_gmt":"2025-04-23T13:07:58","slug":"accessoires-et-vanneries","status":"publish","type":"product","link":"https:\/\/www.afrikisol.com\/?product=accessoires-et-vanneries","title":{"rendered":"Accessoires et Vanneries"},"content":{"rendered":"<p>Brides \u2013 vannes \u2013 coudes, Tee, R\u00e9duction, etc ..<\/p>\n<p>Les raccords sont des \u00e9l\u00e9ments essentiels pour la connection des process fluides, assembler les tuyauteries.<\/p>\n","protected":false},"excerpt":{"rendered":"<p>Brides \u2013 vannes \u2013 coudes, Tee, R\u00e9duction, etc .. Les raccords sont des \u00e9l\u00e9ments essentiels pour la connection des process fluides, assembler les tuyauteries.<\/p>\n","protected":false},"featured_media":4648,"comment_status":"open","ping_status":"closed","template":"","meta":[],"product_brand":[],"product_cat":[102],"product_tag":[],"class_list":{"0":"post-4519","1":"product","2":"type-product","3":"status-publish","4":"has-post-thumbnail","6":"product_cat-tuyauterie-et-accessoires","8":"first","9":"instock","10":"shipping-taxable","11":"product-type-simple"},"_links":{"self":[{"href":"https:\/\/www.afrikisol.com\/index.php?rest_route=\/wp\/v2\/product\/4519","targetHints":{"allow":["GET"]}}],"collection":[{"href":"https:\/\/www.afrikisol.com\/index.php?rest_route=\/wp\/v2\/product"}],"about":[{"href":"https:\/\/www.afrikisol.com\/index.php?rest_route=\/wp\/v2\/types\/product"}],"replies":[{"embeddable":true,"href":"https:\/\/www.afrikisol.com\/index.php?rest_route=%2Fwp%2Fv2%2Fcomments&post=4519"}],"wp:featuredmedia":[{"embeddable":true,"href":"https:\/\/www.afrikisol.com\/index.php?rest_route=\/wp\/v2\/media\/4648"}],"wp:attachment":[{"href":"https:\/\/www.afrikisol.com\/index.php?rest_route=%2Fwp%2Fv2%2Fmedia&parent=4519"}],"wp:term":[{"taxonomy":"product_brand","embeddable":true,"href":"https:\/\/www.afrikisol.com\/index.php?rest_route=%2Fwp%2Fv2%2Fproduct_brand&post=4519"},{"taxonomy":"product_cat","embeddable":true,"href":"https:\/\/www.afrikisol.com\/index.php?rest_route=%2Fwp%2Fv2%2Fproduct_cat&post=4519"},{"taxonomy":"product_tag","embeddable":true,"href":"https:\/\/www.afrikisol.com\/index.php?rest_route=%2Fwp%2Fv2%2Fproduct_tag&post=4519"}],"curies":[{"name":"wp","href":"https:\/\/api.w.org\/{rel}","templated":true}]}}