{"id":4512,"date":"2025-04-17T13:57:43","date_gmt":"2025-04-17T11:57:43","guid":{"rendered":"https:\/\/www.afrikisol.com\/last\/?post_type=product&#038;p=4512"},"modified":"2025-04-23T14:35:14","modified_gmt":"2025-04-23T12:35:14","slug":"toles-aluminium","status":"publish","type":"product","link":"https:\/\/www.afrikisol.com\/?product=toles-aluminium","title":{"rendered":"T\u00f4les aluminium"},"content":{"rendered":"<p>T\u00f4le aluminium en bobine \u00e9paisseur 0,6 \/ 0,8 et 1\u2009mm. Alliage 1050 \/ 3150 et 3003<br \/>\nH14 et H24<\/p>\n<p>La t\u00f4le isoxal est un rev\u00eatement de finition qui vise \u00e0 prot\u00e9ger l\u2019isolant. Elle assure \u00e0 ses utilisateurs qualit\u00e9 et efficacit\u00e9. Reconnue pour sa l\u00e9g\u00e8ret\u00e9 et sa facilit\u00e9 d\u2019entretien, elle est \u00e9galement r\u00e9sistante au froid, au feu, aux chocs et \u00e0 la corrosion. Par ailleurs, de par ses excellentes propri\u00e9t\u00e9s thermiques, m\u00e9caniques et esth\u00e9tiques, la t\u00f4le isoxal r\u00e9pond enti\u00e8rement aux exigences en mati\u00e8re de calorifuge.<\/p>\n<ul>\n<li>Facilit\u00e9 d\u2019entretien<\/li>\n<li>R\u00e9siste au froid, au feu, aux chocs et \u00e0 la corrosion<\/li>\n<li>Esth\u00e9tique<\/li>\n<\/ul>\n","protected":false},"excerpt":{"rendered":"<p>T\u00f4le aluminium en bobine \u00e9paisseur 0,6 \/ 0,8 et 1\u2009mm. Alliage 1050 \/ 3150 et 3003 H14 et H24 La t\u00f4le isoxal est un rev\u00eatement de finition qui vise \u00e0 prot\u00e9ger l\u2019isolant. Elle assure \u00e0 ses utilisateurs qualit\u00e9 et efficacit\u00e9. Reconnue pour sa l\u00e9g\u00e8ret\u00e9 et sa facilit\u00e9 d\u2019entretien, elle est \u00e9galement r\u00e9sistante au froid, au [&hellip;]<\/p>\n","protected":false},"featured_media":4632,"comment_status":"open","ping_status":"closed","template":"","meta":[],"product_brand":[],"product_cat":[101],"product_tag":[],"class_list":{"0":"post-4512","1":"product","2":"type-product","3":"status-publish","4":"has-post-thumbnail","6":"product_cat-tole-de-revetement-de-bardage","8":"first","9":"instock","10":"shipping-taxable","11":"product-type-simple"},"_links":{"self":[{"href":"https:\/\/www.afrikisol.com\/index.php?rest_route=\/wp\/v2\/product\/4512","targetHints":{"allow":["GET"]}}],"collection":[{"href":"https:\/\/www.afrikisol.com\/index.php?rest_route=\/wp\/v2\/product"}],"about":[{"href":"https:\/\/www.afrikisol.com\/index.php?rest_route=\/wp\/v2\/types\/product"}],"replies":[{"embeddable":true,"href":"https:\/\/www.afrikisol.com\/index.php?rest_route=%2Fwp%2Fv2%2Fcomments&post=4512"}],"wp:featuredmedia":[{"embeddable":true,"href":"https:\/\/www.afrikisol.com\/index.php?rest_route=\/wp\/v2\/media\/4632"}],"wp:attachment":[{"href":"https:\/\/www.afrikisol.com\/index.php?rest_route=%2Fwp%2Fv2%2Fmedia&parent=4512"}],"wp:term":[{"taxonomy":"product_brand","embeddable":true,"href":"https:\/\/www.afrikisol.com\/index.php?rest_route=%2Fwp%2Fv2%2Fproduct_brand&post=4512"},{"taxonomy":"product_cat","embeddable":true,"href":"https:\/\/www.afrikisol.com\/index.php?rest_route=%2Fwp%2Fv2%2Fproduct_cat&post=4512"},{"taxonomy":"product_tag","embeddable":true,"href":"https:\/\/www.afrikisol.com\/index.php?rest_route=%2Fwp%2Fv2%2Fproduct_tag&post=4512"}],"curies":[{"name":"wp","href":"https:\/\/api.w.org\/{rel}","templated":true}]}}