{"id":4508,"date":"2025-04-17T13:54:22","date_gmt":"2025-04-17T11:54:22","guid":{"rendered":"https:\/\/www.afrikisol.com\/last\/?post_type=product&#038;p=4508"},"modified":"2025-04-23T12:52:07","modified_gmt":"2025-04-23T10:52:07","slug":"toles-galvanisee","status":"publish","type":"product","link":"https:\/\/www.afrikisol.com\/?product=toles-galvanisee","title":{"rendered":"T\u00f4les Galvanis\u00e9e"},"content":{"rendered":"<p>T\u00f4le ondul\u00e9e \/ T\u00f4le pr\u00e9laqu\u00e9e galvanis\u00e9e \/ T\u00f4le nervur\u00e9e diverses \u00e9paisseurs et diverses longueurs.<\/p>\n","protected":false},"excerpt":{"rendered":"<p>T\u00f4le ondul\u00e9e \/ T\u00f4le pr\u00e9laqu\u00e9e galvanis\u00e9e \/ T\u00f4le nervur\u00e9e diverses \u00e9paisseurs et diverses longueurs.<\/p>\n","protected":false},"featured_media":4631,"comment_status":"open","ping_status":"closed","template":"","meta":[],"product_brand":[],"product_cat":[101],"product_tag":[],"class_list":{"0":"post-4508","1":"product","2":"type-product","3":"status-publish","4":"has-post-thumbnail","6":"product_cat-tole-de-revetement-de-bardage","8":"first","9":"instock","10":"shipping-taxable","11":"product-type-simple"},"_links":{"self":[{"href":"https:\/\/www.afrikisol.com\/index.php?rest_route=\/wp\/v2\/product\/4508","targetHints":{"allow":["GET"]}}],"collection":[{"href":"https:\/\/www.afrikisol.com\/index.php?rest_route=\/wp\/v2\/product"}],"about":[{"href":"https:\/\/www.afrikisol.com\/index.php?rest_route=\/wp\/v2\/types\/product"}],"replies":[{"embeddable":true,"href":"https:\/\/www.afrikisol.com\/index.php?rest_route=%2Fwp%2Fv2%2Fcomments&post=4508"}],"wp:featuredmedia":[{"embeddable":true,"href":"https:\/\/www.afrikisol.com\/index.php?rest_route=\/wp\/v2\/media\/4631"}],"wp:attachment":[{"href":"https:\/\/www.afrikisol.com\/index.php?rest_route=%2Fwp%2Fv2%2Fmedia&parent=4508"}],"wp:term":[{"taxonomy":"product_brand","embeddable":true,"href":"https:\/\/www.afrikisol.com\/index.php?rest_route=%2Fwp%2Fv2%2Fproduct_brand&post=4508"},{"taxonomy":"product_cat","embeddable":true,"href":"https:\/\/www.afrikisol.com\/index.php?rest_route=%2Fwp%2Fv2%2Fproduct_cat&post=4508"},{"taxonomy":"product_tag","embeddable":true,"href":"https:\/\/www.afrikisol.com\/index.php?rest_route=%2Fwp%2Fv2%2Fproduct_tag&post=4508"}],"curies":[{"name":"wp","href":"https:\/\/api.w.org\/{rel}","templated":true}]}}