{"id":4504,"date":"2025-04-17T13:42:58","date_gmt":"2025-04-17T11:42:58","guid":{"rendered":"https:\/\/www.afrikisol.com\/last\/?post_type=product&#038;p=4504"},"modified":"2025-04-23T15:36:24","modified_gmt":"2025-04-23T13:36:24","slug":"coquille-laine-de-roche","status":"publish","type":"product","link":"https:\/\/www.afrikisol.com\/?product=coquille-laine-de-roche","title":{"rendered":"Coquille laine de roche"},"content":{"rendered":"<p>Divers diam\u00e8tres et diverses \u00e9paisseurs densit\u00e9 100 \/ 120 kg\/m<sup>3<\/sup><\/p>\n<p>Les coquilles en laine de roche non-combustible et r\u00e9pulsive \u00e0 l\u2019eau pour tuyauteries industrielles sont des coquilles \u00e0 fibre concentrique d\u2019une densit\u00e9 de 100 kg\/m<sup>3<\/sup>, avec une ouverture longitudinale sur une face et une semi-coupure sur la face int\u00e9rieure.<\/p>\n<ul>\n<li>Montage simple et rapide<\/li>\n<li>Large gamme de diam\u00e8tres et d\u2019\u00e9paisseurs d\u2019isolation<\/li>\n<li>Compatible avec les tuyaux en inox<\/li>\n<li>Longue dur\u00e9e de vie, ne dess\u00e8che pas m\u00eame \u00e0 haute temp\u00e9rature<\/li>\n<\/ul>\n","protected":false},"excerpt":{"rendered":"<p>Divers diam\u00e8tres et diverses \u00e9paisseurs densit\u00e9 100 \/ 120 kg\/m3 Les coquilles en laine de roche non-combustible et r\u00e9pulsive \u00e0 l\u2019eau pour tuyauteries industrielles sont des coquilles \u00e0 fibre concentrique d\u2019une densit\u00e9 de 100 kg\/m3, avec une ouverture longitudinale sur une face et une semi-coupure sur la face int\u00e9rieure. Montage simple et rapide Large gamme [&hellip;]<\/p>\n","protected":false},"featured_media":4657,"comment_status":"open","ping_status":"closed","template":"","meta":[],"product_brand":[],"product_cat":[100],"product_tag":[],"class_list":{"0":"post-4504","1":"product","2":"type-product","3":"status-publish","4":"has-post-thumbnail","6":"product_cat-materiaux-disolation-thermique","8":"first","9":"instock","10":"shipping-taxable","11":"product-type-simple"},"_links":{"self":[{"href":"https:\/\/www.afrikisol.com\/index.php?rest_route=\/wp\/v2\/product\/4504","targetHints":{"allow":["GET"]}}],"collection":[{"href":"https:\/\/www.afrikisol.com\/index.php?rest_route=\/wp\/v2\/product"}],"about":[{"href":"https:\/\/www.afrikisol.com\/index.php?rest_route=\/wp\/v2\/types\/product"}],"replies":[{"embeddable":true,"href":"https:\/\/www.afrikisol.com\/index.php?rest_route=%2Fwp%2Fv2%2Fcomments&post=4504"}],"wp:featuredmedia":[{"embeddable":true,"href":"https:\/\/www.afrikisol.com\/index.php?rest_route=\/wp\/v2\/media\/4657"}],"wp:attachment":[{"href":"https:\/\/www.afrikisol.com\/index.php?rest_route=%2Fwp%2Fv2%2Fmedia&parent=4504"}],"wp:term":[{"taxonomy":"product_brand","embeddable":true,"href":"https:\/\/www.afrikisol.com\/index.php?rest_route=%2Fwp%2Fv2%2Fproduct_brand&post=4504"},{"taxonomy":"product_cat","embeddable":true,"href":"https:\/\/www.afrikisol.com\/index.php?rest_route=%2Fwp%2Fv2%2Fproduct_cat&post=4504"},{"taxonomy":"product_tag","embeddable":true,"href":"https:\/\/www.afrikisol.com\/index.php?rest_route=%2Fwp%2Fv2%2Fproduct_tag&post=4504"}],"curies":[{"name":"wp","href":"https:\/\/api.w.org\/{rel}","templated":true}]}}