{"id":4502,"date":"2025-04-17T13:41:15","date_gmt":"2025-04-17T11:41:15","guid":{"rendered":"https:\/\/www.afrikisol.com\/last\/?post_type=product&#038;p=4502"},"modified":"2025-04-23T14:49:23","modified_gmt":"2025-04-23T12:49:23","slug":"matelas-armaflex","status":"publish","type":"product","link":"https:\/\/www.afrikisol.com\/?product=matelas-armaflex","title":{"rendered":"Matelas Armaflex"},"content":{"rendered":"<p>Diverses \u00e9paisseurs<\/p>\n<p>Mousse \u00e9lastom\u00e8re \u00e0 base de caoutchouc synth\u00e9tique en matelas, ma\u00eetrise efficace des ph\u00e9nom\u00e8nes de condensation.<\/p>\n","protected":false},"excerpt":{"rendered":"<p>Diverses \u00e9paisseurs Mousse \u00e9lastom\u00e8re \u00e0 base de caoutchouc synth\u00e9tique en matelas, ma\u00eetrise efficace des ph\u00e9nom\u00e8nes de condensation.<\/p>\n","protected":false},"featured_media":4636,"comment_status":"open","ping_status":"closed","template":"","meta":[],"product_brand":[],"product_cat":[100],"product_tag":[],"class_list":{"0":"post-4502","1":"product","2":"type-product","3":"status-publish","4":"has-post-thumbnail","6":"product_cat-materiaux-disolation-thermique","8":"first","9":"instock","10":"shipping-taxable","11":"product-type-simple"},"_links":{"self":[{"href":"https:\/\/www.afrikisol.com\/index.php?rest_route=\/wp\/v2\/product\/4502","targetHints":{"allow":["GET"]}}],"collection":[{"href":"https:\/\/www.afrikisol.com\/index.php?rest_route=\/wp\/v2\/product"}],"about":[{"href":"https:\/\/www.afrikisol.com\/index.php?rest_route=\/wp\/v2\/types\/product"}],"replies":[{"embeddable":true,"href":"https:\/\/www.afrikisol.com\/index.php?rest_route=%2Fwp%2Fv2%2Fcomments&post=4502"}],"wp:featuredmedia":[{"embeddable":true,"href":"https:\/\/www.afrikisol.com\/index.php?rest_route=\/wp\/v2\/media\/4636"}],"wp:attachment":[{"href":"https:\/\/www.afrikisol.com\/index.php?rest_route=%2Fwp%2Fv2%2Fmedia&parent=4502"}],"wp:term":[{"taxonomy":"product_brand","embeddable":true,"href":"https:\/\/www.afrikisol.com\/index.php?rest_route=%2Fwp%2Fv2%2Fproduct_brand&post=4502"},{"taxonomy":"product_cat","embeddable":true,"href":"https:\/\/www.afrikisol.com\/index.php?rest_route=%2Fwp%2Fv2%2Fproduct_cat&post=4502"},{"taxonomy":"product_tag","embeddable":true,"href":"https:\/\/www.afrikisol.com\/index.php?rest_route=%2Fwp%2Fv2%2Fproduct_tag&post=4502"}],"curies":[{"name":"wp","href":"https:\/\/api.w.org\/{rel}","templated":true}]}}