{"id":4496,"date":"2025-04-17T13:34:52","date_gmt":"2025-04-17T11:34:52","guid":{"rendered":"https:\/\/www.afrikisol.com\/last\/?post_type=product&#038;p=4496"},"modified":"2025-04-23T15:13:06","modified_gmt":"2025-04-23T13:13:06","slug":"laine-ceramique","status":"publish","type":"product","link":"https:\/\/www.afrikisol.com\/?product=laine-ceramique","title":{"rendered":"Laine c\u00e9ramique"},"content":{"rendered":"<p>Densit\u00e9 96 et 128\u2009kg\/m<sup>3<\/sup><\/p>\n<p>Les nappes en fibre c\u00e9ramique sont disponibles dans une grande gamme de temp\u00e9rature d\u2019application allant jusqu\u2019\u00e0 1425\u00b0C, elles sont caract\u00e9ris\u00e9es par :<\/p>\n<ul>\n<li>Faible conductivit\u00e9 thermique<\/li>\n<li>Excellente r\u00e9sistance aux chocs thermiques<\/li>\n<li>Faible accumulation thermique<\/li>\n<\/ul>\n","protected":false},"excerpt":{"rendered":"<p>Densit\u00e9 96 et 128\u2009kg\/m3 Les nappes en fibre c\u00e9ramique sont disponibles dans une grande gamme de temp\u00e9rature d\u2019application allant jusqu\u2019\u00e0 1425\u00b0C, elles sont caract\u00e9ris\u00e9es par : Faible conductivit\u00e9 thermique Excellente r\u00e9sistance aux chocs thermiques Faible accumulation thermique<\/p>\n","protected":false},"featured_media":4652,"comment_status":"open","ping_status":"closed","template":"","meta":[],"product_brand":[],"product_cat":[100],"product_tag":[],"class_list":{"0":"post-4496","1":"product","2":"type-product","3":"status-publish","4":"has-post-thumbnail","6":"product_cat-materiaux-disolation-thermique","8":"first","9":"instock","10":"shipping-taxable","11":"product-type-simple"},"_links":{"self":[{"href":"https:\/\/www.afrikisol.com\/index.php?rest_route=\/wp\/v2\/product\/4496","targetHints":{"allow":["GET"]}}],"collection":[{"href":"https:\/\/www.afrikisol.com\/index.php?rest_route=\/wp\/v2\/product"}],"about":[{"href":"https:\/\/www.afrikisol.com\/index.php?rest_route=\/wp\/v2\/types\/product"}],"replies":[{"embeddable":true,"href":"https:\/\/www.afrikisol.com\/index.php?rest_route=%2Fwp%2Fv2%2Fcomments&post=4496"}],"wp:featuredmedia":[{"embeddable":true,"href":"https:\/\/www.afrikisol.com\/index.php?rest_route=\/wp\/v2\/media\/4652"}],"wp:attachment":[{"href":"https:\/\/www.afrikisol.com\/index.php?rest_route=%2Fwp%2Fv2%2Fmedia&parent=4496"}],"wp:term":[{"taxonomy":"product_brand","embeddable":true,"href":"https:\/\/www.afrikisol.com\/index.php?rest_route=%2Fwp%2Fv2%2Fproduct_brand&post=4496"},{"taxonomy":"product_cat","embeddable":true,"href":"https:\/\/www.afrikisol.com\/index.php?rest_route=%2Fwp%2Fv2%2Fproduct_cat&post=4496"},{"taxonomy":"product_tag","embeddable":true,"href":"https:\/\/www.afrikisol.com\/index.php?rest_route=%2Fwp%2Fv2%2Fproduct_tag&post=4496"}],"curies":[{"name":"wp","href":"https:\/\/api.w.org\/{rel}","templated":true}]}}