{"id":4387,"date":"2022-04-26T08:39:44","date_gmt":"2022-04-26T06:39:44","guid":{"rendered":"https:\/\/www.afrikisol.com\/last\/?page_id=4387"},"modified":"2025-06-20T14:44:25","modified_gmt":"2025-06-20T12:44:25","slug":"le-groupe-2-2-2","status":"publish","type":"page","link":"https:\/\/www.afrikisol.com\/?page_id=4387","title":{"rendered":"Afrikisol \u00e9tudes et r\u00e9alisations"},"content":{"rendered":"<div class=\"wpb-content-wrapper\"><p>[vc_section css=\u00a0\u00bb.vc_custom_1750423461139{margin-top: 126px !important;padding-top: 45px !important;padding-bottom: 40px !important;background: #FFFFFF url(https:\/\/www.afrikisol.com\/wp-content\/uploads\/2025\/04\/Group-presentation-1.jpg?id=4216) !important;background-position: 0 0 !important;background-repeat: no-repeat !important;}\u00a0\u00bb el_class=\u00a0\u00bbbg-custom\u00a0\u00bb][vc_row content_placement=\u00a0\u00bbbottom\u00a0\u00bb css=\u00a0\u00bb.vc_custom_1744609157670{margin-bottom: 35px !important;}\u00a0\u00bb][vc_column width=\u00a0\u00bb1\/2&Prime;][vc_custom_heading text=\u00a0\u00bbAfrikisol<br \/>\n<strong>Etudes et r\u00e9alisations<\/strong>\u00a0\u00bb font_container=\u00a0\u00bbtag:h2|font_size:40px|text_align:left|color:%23ffffff|line_height:44px\u00a0\u00bb use_theme_fonts=\u00a0\u00bbyes\u00a0\u00bb css=\u00a0\u00bb.vc_custom_1744871190766{background-color: #FFFFFF00 !important;}\u00a0\u00bb][vc_empty_space height=\u00a0\u00bb20px\u00a0\u00bb][\/vc_column][vc_column width=\u00a0\u00bb1\/12&Prime;][\/vc_column][vc_column width=\u00a0\u00bb1\/3&Prime;][vc_column_text css=\u00a0\u00bb\u00a0\u00bb]<span style=\"color: #b7b7b7;\">La qualit\u00e9 de nos services constitue le fondement de nos relations avec les clients a long terme,ainsi,nous veillons en permanence a la renforcer et a la consolider.<\/span>[\/vc_column_text][vc_empty_space height=\u00a0\u00bb25px\u00a0\u00bb][\/vc_column][vc_column width=\u00a0\u00bb1\/12&Prime;][\/vc_column][\/vc_row][vc_row][vc_column][vc_single_image image=\u00a0\u00bb4598&Prime; img_size=\u00a0\u00bbfull\u00a0\u00bb alignment=\u00a0\u00bbcenter\u00a0\u00bb css=\u00a0\u00bb\u00a0\u00bb][\/vc_column][\/vc_row][\/vc_section][vc_section css=\u00a0\u00bb.vc_custom_1747315803227{padding-top: 45px !important;padding-bottom: 45px !important;}\u00a0\u00bb el_class=\u00a0\u00bbnone\u00a0\u00bb][vc_row][vc_column][vc_custom_heading text=\u00a0\u00bb<strong>Pr\u00e9fabrication &amp; Assemblage des tuyauteries<\/strong>\u00a0\u00bb font_container=\u00a0\u00bbtag:h2|font_size:36px|text_align:center|line_height:36px\u00a0\u00bb use_theme_fonts=\u00a0\u00bbyes\u00a0\u00bb css=\u00a0\u00bb\u00a0\u00bb][vc_empty_space height=\u00a0\u00bb15px\u00a0\u00bb][vc_custom_heading text=\u00a0\u00bbNous veillons en permanence \u00e0 renforcer et consolider La qualit\u00e9 de nos services\u00a0\u00bb font_container=\u00a0\u00bbtag:p|font_size:21px|text_align:center|line_height:26px\u00a0\u00bb use_theme_fonts=\u00a0\u00bbyes\u00a0\u00bb css=\u00a0\u00bb\u00a0\u00bb][vc_empty_space height=\u00a0\u00bb30px\u00a0\u00bb][vc_empty_space height=\u00a0\u00bb30px\u00a0\u00bb][vc_column_text css=\u00a0\u00bb\u00a0\u00bb]Montage des tuyauteries et \u00c9quipements industriels, Rebutage des chaudi\u00e8res R\u00e9alisation des \u00e9preuves hydrauliques et pneumatiques selon les normes en vigueurs.<br \/>\nSuivi et ex\u00e9cution des travaux de soudage avec isom\u00e9trie de soudure et cahier de soudage de tout travail de montage neuf, r\u00e9paration et maintenance.<br \/>\nNous participons \u00e0 la r\u00e9duction de la consommation d\u2019\u00e9nergie et pr\u00e9servant ainsi l\u2019environnement.[\/vc_column_text][\/vc_column][\/vc_row][\/vc_section][vc_section][vc_row][vc_column width=\u00a0\u00bb1\/5&Prime;][vc_column_text css=\u00a0\u00bb\u00a0\u00bb]<img loading=\"lazy\" decoding=\"async\" class=\"alignnone wp-image-859 size-full\" src=\"https:\/\/www.afrikisol.com\/wp-content\/uploads\/2022\/05\/prefabrication-montage-station-congelation-gaz.jpg\" alt=\"afrikisol\" width=\"900\" height=\"400\" \/><\/p>\n<h3 style=\"font-size: 18px;\">Pr\u00e9fabrication et montage d\u2019un prototype de station de cog\u00e9n\u00e9ration de gaz<\/h3>\n<p>[\/vc_column_text][\/vc_column][vc_column width=\u00a0\u00bb1\/5&Prime;][vc_column_text css=\u00a0\u00bb\u00a0\u00bb]<img loading=\"lazy\" decoding=\"async\" class=\"alignnone wp-image-861 size-full\" src=\"https:\/\/www.afrikisol.com\/wp-content\/uploads\/2022\/05\/montage-tuyauterie-acier-inoxydable.jpg\" alt=\"afrikisol\" width=\"900\" height=\"400\" \/><\/p>\n<h3 style=\"font-size: 18px;\">Pr\u00e9fabrication et montage des tuyauteries en acier inoxydable<\/h3>\n<p>[\/vc_column_text][\/vc_column][vc_column width=\u00a0\u00bb1\/5&Prime;][vc_column_text css=\u00a0\u00bb\u00a0\u00bb]<img loading=\"lazy\" decoding=\"async\" class=\"alignnone wp-image-862 size-full\" src=\"https:\/\/www.afrikisol.com\/wp-content\/uploads\/2022\/05\/installation-tuyauterie-acier-inoxydable.jpg\" alt=\"afrikisol\" width=\"900\" height=\"400\" \/><\/p>\n<h3 style=\"font-size: 18px;\">Installation de tuyauterie en acier inoxydable<\/h3>\n<p>[\/vc_column_text][\/vc_column][vc_column width=\u00a0\u00bb1\/5&Prime;][vc_column_text css=\u00a0\u00bb\u00a0\u00bb]<img loading=\"lazy\" decoding=\"async\" class=\"alignnone wp-image-862 size-full\" src=\"https:\/\/www.afrikisol.com\/wp-content\/uploads\/2022\/05\/fourniture-montage-tuyauterie.jpg\" alt=\"afrikisol\" width=\"900\" height=\"400\" \/><\/p>\n<h3 style=\"font-size: 18px;\">Fourniture pr\u00e9fabrication &amp; Montage des tuyauteries en PPR<\/h3>\n<p>[\/vc_column_text][\/vc_column][vc_column width=\u00a0\u00bb1\/5&Prime;][vc_column_text css=\u00a0\u00bb\u00a0\u00bb]<img loading=\"lazy\" decoding=\"async\" class=\"alignnone wp-image-862 size-full\" src=\"https:\/\/www.afrikisol.com\/wp-content\/uploads\/2022\/05\/soudure-tuyauterie-accessoires.jpg\" alt=\"afrikisol\" width=\"900\" height=\"400\" \/><\/p>\n<h3 style=\"font-size: 18px;\">Soudure des tuyauteries et accessoires<\/h3>\n<p>[\/vc_column_text][\/vc_column][\/vc_row][\/vc_section]<\/p>\n<\/div>","protected":false},"excerpt":{"rendered":"<p>[vc_section css=\u00a0\u00bb.vc_custom_1750423461139{margin-top: 126px !important;padding-top: 45px !important;padding-bottom: 40px !important;background: #FFFFFF url(https:\/\/www.afrikisol.com\/wp-content\/uploads\/2025\/04\/Group-presentation-1.jpg?id=4216) !important;background-position: 0 0 !important;background-repeat: no-repeat !important;}\u00a0\u00bb el_class=\u00a0\u00bbbg-custom\u00a0\u00bb][vc_row content_placement=\u00a0\u00bbbottom\u00a0\u00bb css=\u00a0\u00bb.vc_custom_1744609157670{margin-bottom: 35px !important;}\u00a0\u00bb][vc_column width=\u00a0\u00bb1\/2&Prime;][vc_custom_heading text=\u00a0\u00bbAfrikisol Etudes et r\u00e9alisations\u00a0\u00bb font_container=\u00a0\u00bbtag:h2|font_size:40px|text_align:left|color:%23ffffff|line_height:44px\u00a0\u00bb use_theme_fonts=\u00a0\u00bbyes\u00a0\u00bb css=\u00a0\u00bb.vc_custom_1744871190766{background-color: #FFFFFF00 !important;}\u00a0\u00bb][vc_empty_space height=\u00a0\u00bb20px\u00a0\u00bb][\/vc_column][vc_column width=\u00a0\u00bb1\/12&Prime;][\/vc_column][vc_column width=\u00a0\u00bb1\/3&Prime;][vc_column_text css=\u00a0\u00bb\u00a0\u00bb]La qualit\u00e9 de nos services constitue le fondement de nos relations avec les clients a long terme,ainsi,nous veillons en permanence a [&hellip;]<\/p>\n","protected":false},"author":8,"featured_media":0,"parent":0,"menu_order":0,"comment_status":"closed","ping_status":"closed","template":"tmpl\/template-fullwidth.php","meta":{"footnotes":""},"class_list":["post-4387","page","type-page","status-publish","hentry"],"_links":{"self":[{"href":"https:\/\/www.afrikisol.com\/index.php?rest_route=\/wp\/v2\/pages\/4387","targetHints":{"allow":["GET"]}}],"collection":[{"href":"https:\/\/www.afrikisol.com\/index.php?rest_route=\/wp\/v2\/pages"}],"about":[{"href":"https:\/\/www.afrikisol.com\/index.php?rest_route=\/wp\/v2\/types\/page"}],"author":[{"embeddable":true,"href":"https:\/\/www.afrikisol.com\/index.php?rest_route=\/wp\/v2\/users\/8"}],"replies":[{"embeddable":true,"href":"https:\/\/www.afrikisol.com\/index.php?rest_route=%2Fwp%2Fv2%2Fcomments&post=4387"}],"version-history":[{"count":0,"href":"https:\/\/www.afrikisol.com\/index.php?rest_route=\/wp\/v2\/pages\/4387\/revisions"}],"wp:attachment":[{"href":"https:\/\/www.afrikisol.com\/index.php?rest_route=%2Fwp%2Fv2%2Fmedia&parent=4387"}],"curies":[{"name":"wp","href":"https:\/\/api.w.org\/{rel}","templated":true}]}}