{"id":4365,"date":"2022-04-26T08:39:44","date_gmt":"2022-04-26T06:39:44","guid":{"rendered":"https:\/\/www.afrikisol.com\/last\/?page_id=4365"},"modified":"2025-06-30T16:15:49","modified_gmt":"2025-06-30T14:15:49","slug":"le-groupe-2-2","status":"publish","type":"page","link":"https:\/\/www.afrikisol.com\/?page_id=4365","title":{"rendered":"Afrikisol Industrie"},"content":{"rendered":"<div class=\"wpb-content-wrapper\"><p>[vc_section css=\u00a0\u00bb.vc_custom_1750422945617{margin-top: 125px !important;padding-top: 45px !important;padding-bottom: 40px !important;background: #FFFFFF url(https:\/\/www.afrikisol.com\/wp-content\/uploads\/2025\/04\/Group-presentation-1.jpg?id=4216) !important;background-position: 0 0 !important;background-repeat: no-repeat !important;}\u00a0\u00bb el_class=\u00a0\u00bbbg-custom\u00a0\u00bb][vc_row full_width=\u00a0\u00bbstretch_row\u00a0\u00bb content_placement=\u00a0\u00bbbottom\u00a0\u00bb css=\u00a0\u00bb.vc_custom_1744808520427{margin-bottom: 35px !important;}\u00a0\u00bb][vc_column width=\u00a0\u00bb1\/2&Prime;][vc_custom_heading text=\u00a0\u00bbAfrikisol Industrie<br \/>\nIsolation et Calorifugeage\u00a0\u00bb font_container=\u00a0\u00bbtag:h2|font_size:40px|text_align:left|color:%23ffffff|line_height:44px\u00a0\u00bb use_theme_fonts=\u00a0\u00bbyes\u00a0\u00bb css=\u00a0\u00bb.vc_custom_1744807416045{background-color: #FFFFFF00 !important;}\u00a0\u00bb][vc_empty_space height=\u00a0\u00bb20px\u00a0\u00bb][\/vc_column][vc_column width=\u00a0\u00bb1\/12&Prime;][\/vc_column][vc_column width=\u00a0\u00bb1\/3&Prime;][vc_column_text css=\u00a0\u00bb\u00a0\u00bb]<span style=\"color: #b7b7b7;\">Sp\u00e9cialiste du calorifugeage, est votre fournisseur de mat\u00e9riel industriel et de solutions en isolation thermique et tuyauterie\u00a0industrielle<\/span>[\/vc_column_text][vc_empty_space height=\u00a0\u00bb25px\u00a0\u00bb][\/vc_column][vc_column width=\u00a0\u00bb1\/12&Prime;][\/vc_column][\/vc_row][vc_row][vc_column][vc_single_image image=\u00a0\u00bb4589&Prime; img_size=\u00a0\u00bbfull\u00a0\u00bb alignment=\u00a0\u00bbcenter\u00a0\u00bb css=\u00a0\u00bb\u00a0\u00bb][\/vc_column][\/vc_row][\/vc_section][vc_section css=\u00a0\u00bb.vc_custom_1747315064312{padding-top: 35px !important;padding-bottom: 45px !important;}\u00a0\u00bb el_class=\u00a0\u00bbnone\u00a0\u00bb][vc_row][vc_column][vc_custom_heading text=\u00a0\u00bb<strong>Isolation thermique et Calorifugeage<\/strong>\u00a0\u00bb font_container=\u00a0\u00bbtag:h2|font_size:36px|text_align:center|line_height:40px\u00a0\u00bb use_theme_fonts=\u00a0\u00bbyes\u00a0\u00bb css=\u00a0\u00bb\u00a0\u00bb][vc_empty_space height=\u00a0\u00bb15px\u00a0\u00bb][vc_custom_heading text=\u00a0\u00bbCalorifuge tout type de conduits, quel que soit le diam\u00e8tre pour des temp\u00e9ratures n\u00e9gatives\u00a0\u00bb font_container=\u00a0\u00bbtag:p|font_size:21px|text_align:center|line_height:26px\u00a0\u00bb use_theme_fonts=\u00a0\u00bbyes\u00a0\u00bb css=\u00a0\u00bb\u00a0\u00bb][\/vc_column][\/vc_row][\/vc_section][vc_row gap=\u00a0\u00bb30&Prime; equal_height=\u00a0\u00bbyes\u00a0\u00bb content_placement=\u00a0\u00bbmiddle\u00a0\u00bb][vc_column width=\u00a0\u00bb1\/2&Prime; offset=\u00a0\u00bbvc_col-lg-5 vc_col-md-6 vc_col-xs-12&Prime;][vc_column_text css=\u00a0\u00bb\u00a0\u00bb]Nous participons \u00e0 la r\u00e9duction de la consommation d\u2019\u00e9nergie et pr\u00e9servant ainsi l\u2019environnement pour \u00e9li\u00adminer toute perte d\u2019\u00e9nergie, nous cou\u00advrons l\u2019en\u00adsemble du spectre de <strong>l\u2019isolation in\u00addus\u00adtrielle.<\/strong><\/p>\n<p>L\u2019iso\u00adla\u00adtion est pr\u00e9\u00adsente par\u00adtout au\u00adtour de nous. \u00c0 chaque en\u00addroit o\u00f9 elle est pr\u00e9\u00adsente, elle oc\u00adcupe une place vi\u00adtale. De ma\u00adni\u00e8re simple, l\u2019iso\u00adla\u00adtion permet de main\u00adtenir un \u00e9l\u00e9\u00adment chaud au chaud ou un \u00e9l\u00e9\u00adment froid au froid. Mais les choses se com\u00adpliquent lorsque l\u2019on consi\u00add\u00e8re les chal\u00adlenges exis\u00adtants dans des ins\u00adtal\u00adla\u00adtions in\u00addus\u00adtrielles : c\u2019est la sp\u00e9\u00adcia\u00adlit\u00e9 d\u2019AFRIKISOL INDUSTRIE.[\/vc_column_text][\/vc_column][vc_column width=\u00a0\u00bb1\/2&Prime;][vc_single_image image=\u00a0\u00bb4148&Prime; img_size=\u00a0\u00bbfull\u00a0\u00bb css=\u00a0\u00bb\u00a0\u00bb][vc_raw_html]JTNDcCUyMGNsYXNzJTNEJTIyYm9yZGVyJTIyJTNFJTNDJTJGcCUzRQ==[\/vc_raw_html][\/vc_column][\/vc_row][vc_row][vc_column css=\u00a0\u00bb.vc_custom_1747316194368{padding-top: 45px !important;}\u00a0\u00bb][vc_custom_heading text=\u00a0\u00bb<strong>L\u2019isolation thermique industrielle<\/strong>\u00a0\u00bb font_container=\u00a0\u00bbtag:h2|font_size:36px|text_align:center|line_height:40px\u00a0\u00bb use_theme_fonts=\u00a0\u00bbyes\u00a0\u00bb css=\u00a0\u00bb\u00a0\u00bb][vc_empty_space height=\u00a0\u00bb5px\u00a0\u00bb][vc_custom_heading text=\u00a0\u00bbNotre c\u0153ur de m\u00e9tier\u00a0\u00bb font_container=\u00a0\u00bbtag:p|font_size:21px|text_align:center|line_height:26px\u00a0\u00bb use_theme_fonts=\u00a0\u00bbyes\u00a0\u00bb css=\u00a0\u00bb\u00a0\u00bb][vc_empty_space height=\u00a0\u00bb45px\u00a0\u00bb][\/vc_column][\/vc_row][vc_row gap=\u00a0\u00bb30&Prime; equal_height=\u00a0\u00bbyes\u00a0\u00bb content_placement=\u00a0\u00bbmiddle\u00a0\u00bb css=\u00a0\u00bb.vc_custom_1744821051037{padding-top: 20px !important;}\u00a0\u00bb][vc_column width=\u00a0\u00bb1\/2&Prime; offset=\u00a0\u00bbvc_col-lg-5 vc_col-md-6 vc_col-xs-12&Prime;][vc_column_text css=\u00a0\u00bb\u00a0\u00bb]AFRIKISOL INDUSTRIE s\u2019est dot\u00e9 des moyens n\u00e9\u00adces\u00adsaires, au gr\u00e9 des \u00e9vo\u00adlu\u00adtions tech\u00adno\u00adlo\u00adgiques et r\u00e9\u00adgle\u00admen\u00adtaires, pour as\u00adsurer les com\u00adp\u00e9\u00adtences de ses mon\u00adteurs, le ni\u00adveau d\u2019\u00e9qui\u00adpe\u00adment de ses ate\u00adliers de pr\u00e9\u00adfa\u00adbri\u00adca\u00adtion et le ni\u00adveau d\u2019ex\u00adper\u00adtise de ses \u00e9tudes.<\/p>\n<p>AFRIKISOL INDUSTRIE, une expertise en calorifuge et frigorifuge.<\/p>\n<p>AFRIKISOL INDUSTRIE est un par\u00adte\u00adnaire pri\u00advi\u00adl\u00e9gi\u00e9 et sp\u00e9\u00adcia\u00adlis\u00e9 d\u00e8s qu\u2019il s\u2019agit de grands pro\u00adjets tech\u00adno\u00adlo\u00adgi\u00adque\u00adment com\u00adplexes, tels que des in\u00adter\u00adven\u00adtions sp\u00e9\u00adci\u00adfiques sur des \u00e9qui\u00adpe\u00adments de tr\u00e8s haute et tr\u00e8s basse tem\u00adp\u00e9\u00adra\u00adture.<\/p>\n<p>Nos do\u00admaines d\u2019in\u00adter\u00adven\u00adtion sont les sui\u00advants :[\/vc_column_text][vc_empty_space height=\u00a0\u00bb45px\u00a0\u00bb][vc_column_text css=\u00a0\u00bb\u00a0\u00bb]<\/p>\n<table class=\" alignleft\" style=\"width: 100%; max-width: 600px; border-collapse: collapse; font-family: Arial, sans-serif; font-size: 14px;\">\n<tbody>\n<tr>\n<td style=\"font-weight: bold; padding: 10px; border: 1px solid #ddd;\">Temp\u00e9rature<\/td>\n<td style=\"padding: 10px; border: 1px solid #ddd;\">-196\u00b0C \u00e0 +1000\u00b0C<\/td>\n<\/tr>\n<tr>\n<td style=\"font-weight: bold; padding: 10px; border: 1px solid #ddd;\">Expertise<\/td>\n<td style=\"padding: 10px; border: 1px solid #ddd;\">Pose de mat\u00e9riaux isolants sur tuyauteries et appareils<br \/>\nFabrication de matelas isolants<br \/>\nInterventions sp\u00e9cifiques sur \u00e9quipements de tr\u00e8s haute et tr\u00e8s basse temp\u00e9rature<br \/>\nFabrication et pose d\u2019\u00e9l\u00e9ments de t\u00f4lerie fine sur mesure<br \/>\nPr\u00e9fabrication et supervision export<\/td>\n<\/tr>\n<tr>\n<td style=\"font-weight: bold; padding: 10px; border: 1px solid #ddd; color: #1e90ff;\">Syst\u00e8mes d\u2019isolation<\/td>\n<td style=\"padding: 10px; border: 1px solid #ddd;\">Matelas<br \/>\nCassette<br \/>\nLaine en coquille<br \/>\nTracage \u00e9lectrique<br \/>\nPolyur\u00e9thane (inject\u00e9 et classique)<\/td>\n<\/tr>\n<\/tbody>\n<\/table>\n<p>[\/vc_column_text][\/vc_column][vc_column width=\u00a0\u00bb1\/2&Prime;][vc_single_image image=\u00a0\u00bb4958&Prime; img_size=\u00a0\u00bbfull\u00a0\u00bb css=\u00a0\u00bb\u00a0\u00bb][vc_raw_html]JTNDcCUyMGNsYXNzJTNEJTIyYm9yZGVyJTIyJTNFJTNDJTJGcCUzRQ==[\/vc_raw_html][\/vc_column][\/vc_row][vc_row][vc_column][vc_empty_space height=\u00a0\u00bb25px\u00a0\u00bb][vc_custom_heading text=\u00a0\u00bb<strong>L\u2019i\u00adso\u00adla\u00adtion ther\u00admique dans l\u2019in\u00addus\u00adtrie<\/strong>\u00a0\u00bb font_container=\u00a0\u00bbtag:h2|font_size:36px|text_align:center|line_height:40px\u00a0\u00bb use_theme_fonts=\u00a0\u00bbyes\u00a0\u00bb css=\u00a0\u00bb.vc_custom_1747315270483{padding-top: 30px !important;}\u00a0\u00bb][vc_empty_space height=\u00a0\u00bb5px\u00a0\u00bb][vc_custom_heading text=\u00a0\u00bbDes prestations de calorifuge et frigorifuge industriel\u00a0\u00bb font_container=\u00a0\u00bbtag:p|font_size:21px|text_align:center|line_height:26px\u00a0\u00bb use_theme_fonts=\u00a0\u00bbyes\u00a0\u00bb css=\u00a0\u00bb\u00a0\u00bb][vc_empty_space height=\u00a0\u00bb15px\u00a0\u00bb][vc_empty_space height=\u00a0\u00bb15px\u00a0\u00bb][\/vc_column][\/vc_row][vc_row gap=\u00a0\u00bb30&Prime; equal_height=\u00a0\u00bbyes\u00a0\u00bb content_placement=\u00a0\u00bbmiddle\u00a0\u00bb css=\u00a0\u00bb.vc_custom_1744821051037{padding-top: 20px !important;}\u00a0\u00bb][vc_column width=\u00a0\u00bb1\/2&Prime; offset=\u00a0\u00bbvc_col-lg-5 vc_col-md-6 vc_col-xs-12&Prime;][vc_column_text css=\u00a0\u00bb\u00a0\u00bb]Une par\u00adfaite connais\u00adsance du mi\u00adlieu et de son \u00e9vo\u00adlu\u00adtion permet \u00e0 AFRIKISOL INDUSTRIE de pro\u00adposer des pres\u00adta\u00adtions r\u00e9\u00adpon\u00addant \u00e0 l\u2019en\u00adsemble des be\u00adsoins de r\u00e9a\u00adli\u00adsa\u00adtion et de main\u00adte\u00adnance de ses clients, dans les prin\u00adci\u00adpaux mar\u00adch\u00e9s de l\u2019in\u00addus\u00adtrie :<\/p>\n<p>Production d\u2019\u00e9nergie (centrales \u00e9lectriques, usines d\u2019incin\u00e9ration, chauffage urbain\u2026)<br \/>\nInstallations chimiques et p\u00e9trochimiques<br \/>\nManufactures (construction automobile, pneumatiques, sucreries, cimenteries, papeteries\u2026)<br \/>\nR\u00e9servoirs de stockage<br \/>\nExtraction et transport de p\u00e9trole et de gaz naturel<br \/>\nAgroalimentaire<br \/>\nLaboratoires pharmaceutiques[\/vc_column_text][\/vc_column][vc_column width=\u00a0\u00bb1\/2&Prime;][vc_single_image image=\u00a0\u00bb4960&Prime; img_size=\u00a0\u00bbfull\u00a0\u00bb css=\u00a0\u00bb\u00a0\u00bb][vc_raw_html]JTNDcCUyMGNsYXNzJTNEJTIyYm9yZGVyJTIyJTNFJTNDJTJGcCUzRQ==[\/vc_raw_html][\/vc_column][\/vc_row]<\/p>\n<\/div>","protected":false},"excerpt":{"rendered":"<p>[vc_section css=\u00a0\u00bb.vc_custom_1750422945617{margin-top: 125px !important;padding-top: 45px !important;padding-bottom: 40px !important;background: #FFFFFF url(https:\/\/www.afrikisol.com\/wp-content\/uploads\/2025\/04\/Group-presentation-1.jpg?id=4216) !important;background-position: 0 0 !important;background-repeat: no-repeat !important;}\u00a0\u00bb el_class=\u00a0\u00bbbg-custom\u00a0\u00bb][vc_row full_width=\u00a0\u00bbstretch_row\u00a0\u00bb content_placement=\u00a0\u00bbbottom\u00a0\u00bb css=\u00a0\u00bb.vc_custom_1744808520427{margin-bottom: 35px !important;}\u00a0\u00bb][vc_column width=\u00a0\u00bb1\/2&Prime;][vc_custom_heading text=\u00a0\u00bbAfrikisol Industrie Isolation et Calorifugeage\u00a0\u00bb font_container=\u00a0\u00bbtag:h2|font_size:40px|text_align:left|color:%23ffffff|line_height:44px\u00a0\u00bb use_theme_fonts=\u00a0\u00bbyes\u00a0\u00bb css=\u00a0\u00bb.vc_custom_1744807416045{background-color: #FFFFFF00 !important;}\u00a0\u00bb][vc_empty_space height=\u00a0\u00bb20px\u00a0\u00bb][\/vc_column][vc_column width=\u00a0\u00bb1\/12&Prime;][\/vc_column][vc_column width=\u00a0\u00bb1\/3&Prime;][vc_column_text css=\u00a0\u00bb\u00a0\u00bb]Sp\u00e9cialiste du calorifugeage, est votre fournisseur de mat\u00e9riel industriel et de solutions en isolation thermique et tuyauterie\u00a0industrielle[\/vc_column_text][vc_empty_space height=\u00a0\u00bb25px\u00a0\u00bb][\/vc_column][vc_column width=\u00a0\u00bb1\/12&Prime;][\/vc_column][\/vc_row][vc_row][vc_column][vc_single_image [&hellip;]<\/p>\n","protected":false},"author":8,"featured_media":0,"parent":0,"menu_order":0,"comment_status":"closed","ping_status":"closed","template":"tmpl\/template-fullwidth.php","meta":{"footnotes":""},"class_list":["post-4365","page","type-page","status-publish","hentry"],"_links":{"self":[{"href":"https:\/\/www.afrikisol.com\/index.php?rest_route=\/wp\/v2\/pages\/4365","targetHints":{"allow":["GET"]}}],"collection":[{"href":"https:\/\/www.afrikisol.com\/index.php?rest_route=\/wp\/v2\/pages"}],"about":[{"href":"https:\/\/www.afrikisol.com\/index.php?rest_route=\/wp\/v2\/types\/page"}],"author":[{"embeddable":true,"href":"https:\/\/www.afrikisol.com\/index.php?rest_route=\/wp\/v2\/users\/8"}],"replies":[{"embeddable":true,"href":"https:\/\/www.afrikisol.com\/index.php?rest_route=%2Fwp%2Fv2%2Fcomments&post=4365"}],"version-history":[{"count":0,"href":"https:\/\/www.afrikisol.com\/index.php?rest_route=\/wp\/v2\/pages\/4365\/revisions"}],"wp:attachment":[{"href":"https:\/\/www.afrikisol.com\/index.php?rest_route=%2Fwp%2Fv2%2Fmedia&parent=4365"}],"curies":[{"name":"wp","href":"https:\/\/api.w.org\/{rel}","templated":true}]}}