{"id":4221,"date":"2020-11-13T17:55:57","date_gmt":"2020-11-13T16:55:57","guid":{"rendered":"https:\/\/www.afrikisol.com\/last\/?page_id=4221"},"modified":"2026-01-07T02:05:58","modified_gmt":"2026-01-07T01:05:58","slug":"nos-references-2","status":"publish","type":"page","link":"https:\/\/www.afrikisol.com\/?page_id=4221","title":{"rendered":"Actualit\u00e9s"},"content":{"rendered":"<div class=\"wpb-content-wrapper\"><p>[vc_section][\/vc_section][vc_section css=\u00a0\u00bb.vc_custom_1744618665620{margin-top: 100px !important;padding-top: 60px !important;}\u00a0\u00bb][vc_row content_placement=\u00a0\u00bbbottom\u00a0\u00bb css=\u00a0\u00bb.vc_custom_1744468831622{margin-top: -27px !important;margin-bottom: 35px !important;padding-top: 100px !important;padding-bottom: 100px !important;padding-left: 100px !important;background: #FFFFFF url(https:\/\/www.afrikisol.com\/wp-content\/uploads\/2025\/04\/Group-presentation-2.jpg?id=4203) !important;}\u00a0\u00bb][vc_column width=\u00a0\u00bb1\/2&Prime;][vc_custom_heading text=\u00a0\u00bb<span style=``font-weight:500``>Nos Actualit\u00e9s<\/span>\u00a0\u00bb font_container=\u00a0\u00bbtag:div|font_size:60px|text_align:left|color:%23000000|line_height:44px\u00a0\u00bb use_theme_fonts=\u00a0\u00bbyes\u00a0\u00bb css=\u00a0\u00bb.vc_custom_1744622957061{margin-left: -600px !important;border-left-width: -50px !important;padding-left: -200px !important;}\u00a0\u00bb][vc_empty_space height=\u00a0\u00bb20px\u00a0\u00bb][\/vc_column][vc_column width=\u00a0\u00bb1\/12&Prime;][\/vc_column][vc_column width=\u00a0\u00bb1\/3&Prime;][vc_empty_space height=\u00a0\u00bb25px\u00a0\u00bb css=\u00a0\u00bb.vc_custom_1744040655749{margin-left: -600px !important;border-left-width: -50px !important;padding-left: -200px !important;}\u00a0\u00bb][\/vc_column][vc_column width=\u00a0\u00bb1\/12&Prime;][\/vc_column][\/vc_row][\/vc_section][vc_row content_placement=\u00a0\u00bbbottom\u00a0\u00bb css=\u00a0\u00bb.vc_custom_1744385595795{margin-top: 50px !important;margin-bottom: 35px !important;}\u00a0\u00bb][vc_column width=\u00a0\u00bb1\/2&Prime; css=\u00a0\u00bb.vc_custom_1747318540554{padding-top: 45px !important;}\u00a0\u00bb][vc_custom_heading text=\u00a0\u00bbRestez inform\u00e9<br \/>\nde nos derni\u00e8res actualit\u00e9s\u00a0\u00bb font_container=\u00a0\u00bbtag:h2|font_size:40px|text_align:left|line_height:44px\u00a0\u00bb use_theme_fonts=\u00a0\u00bbyes\u00a0\u00bb css=\u00a0\u00bb\u00a0\u00bb][\/vc_column][vc_column width=\u00a0\u00bb1\/12&Prime;][\/vc_column][vc_column width=\u00a0\u00bb1\/3&Prime; css=\u00a0\u00bb.vc_custom_1747318552070{padding-top: 45px !important;}\u00a0\u00bb][vc_column_text css=\u00a0\u00bb\u00a0\u00bb]Suivez toutes les nouveaut\u00e9s, \u00e9v\u00e9nements et informations cl\u00e9s pour rester toujours \u00e0 jour. Ne manquez rien des actualit\u00e9s qui impactent votre secteur et votre quotidien.[\/vc_column_text][vc_empty_space height=\u00a0\u00bb25px\u00a0\u00bb][\/vc_column][vc_column width=\u00a0\u00bb1\/12&Prime;][\/vc_column][\/vc_row][vc_row][vc_column css=\u00a0\u00bb.vc_custom_1747318752883{padding-top: 50px !important;}\u00a0\u00bb]\n\t<div class=\"blog-shortcode  post-thumbnail-cover pageinterne\">\n\t\t\n\t\t\t\t\t<div class=\"blog-grid\">\n\t\t\t\t<div class=\"entries-wrapper content-inner\" data-grid-normal data-columns=\"3\">\n\t\t\t\t\t\t\t\t\t\t\n\t\t\t\t<div class=\"post post-109 type-post status-publish format-standard has-post-thumbnail hentry category-lire-la-suite tag-energy-efficiency tag-home-improvement tag-icf-construction\">\n\t\t\t\t\t<div class=\"post-categories\">\n\t\t\t\t\t\t<span>in<\/span>\n\t\t\t\t\t\t<a href=\"https:\/\/www.afrikisol.com\/?cat=88\" rel=\"category\">Lire La Suite<\/a>\t\t\t\t\t<\/div>\n\t\t\t\t\t<a href=\"https:\/\/www.afrikisol.com\/?p=109\" class=\"post-inner\">\t\t\n\t\t\t\t\t\t\t\t\t\t\t\t\t\t\t\t\t\t\t\t\t<img loading=\"lazy\" decoding=\"async\" width=\"800\" height=\"1132\" src=\"https:\/\/www.afrikisol.com\/wp-content\/uploads\/2019\/10\/unnamed-1.jpg\" class=\"attachment-full\" alt=\"\" title=\"unnamed-1\" srcset=\"https:\/\/www.afrikisol.com\/wp-content\/uploads\/2019\/10\/unnamed-1.jpg 800w, https:\/\/www.afrikisol.com\/wp-content\/uploads\/2019\/10\/unnamed-1-600x849.jpg 600w, https:\/\/www.afrikisol.com\/wp-content\/uploads\/2019\/10\/unnamed-1-212x300.jpg 212w, https:\/\/www.afrikisol.com\/wp-content\/uploads\/2019\/10\/unnamed-1-724x1024.jpg 724w, https:\/\/www.afrikisol.com\/wp-content\/uploads\/2019\/10\/unnamed-1-768x1087.jpg 768w\" sizes=\"auto, (max-width: 800px) 100vw, 800px\" \/>\t\t\t\t\t\t\t\n\t\t\t\t\t\t\n\t\t\t\t\t\t<p class=\"post-title\">AFRIKISOL \u00e0 Cote d\u2019ivoire<\/p>\n\t\t\t\t\t\t\n\t\t\t\t\t\t\n\t\t\t\t\t\t\t\t\t\t\t\t\t<span class=\"read-more\">\t\t\t\n\t\t\t\t\t\t\t\tContinue &rarr;\t\t\t\t\t\t\t<\/span>\n\t\t\t\t\t\t\t\t\t\t\t<\/a>\t\n\t\t\t\t<\/div>\n\n\t\t\t\t\t\t\t\t\n\t\t\t\t<div class=\"post post-97 type-post status-publish format-standard has-post-thumbnail hentry category-lire-la-suite tag-3d-printing tag-art tag-human\">\n\t\t\t\t\t<div class=\"post-categories\">\n\t\t\t\t\t\t<span>in<\/span>\n\t\t\t\t\t\t<a href=\"https:\/\/www.afrikisol.com\/?cat=88\" rel=\"category\">Lire La Suite<\/a>\t\t\t\t\t<\/div>\n\t\t\t\t\t<a href=\"https:\/\/www.afrikisol.com\/?p=97\" class=\"post-inner\">\t\t\n\t\t\t\t\t\t\t\t\t\t\t\t\t\t\t\t\t\t\t\t\t<img loading=\"lazy\" decoding=\"async\" width=\"302\" height=\"145\" src=\"https:\/\/www.afrikisol.com\/wp-content\/uploads\/2019\/10\/12072.png\" class=\"attachment-full\" alt=\"\" title=\"12072\" srcset=\"https:\/\/www.afrikisol.com\/wp-content\/uploads\/2019\/10\/12072.png 302w, https:\/\/www.afrikisol.com\/wp-content\/uploads\/2019\/10\/12072-300x144.png 300w\" sizes=\"auto, (max-width: 302px) 100vw, 302px\" \/>\t\t\t\t\t\t\t\n\t\t\t\t\t\t\n\t\t\t\t\t\t<p class=\"post-title\">MECSPE\/Technologies sans Limites<\/p>\n\t\t\t\t\t\t\n\t\t\t\t\t\t\n\t\t\t\t\t\t\t\t\t\t\t\t\t<span class=\"read-more\">\t\t\t\n\t\t\t\t\t\t\t\tContinue &rarr;\t\t\t\t\t\t\t<\/span>\n\t\t\t\t\t\t\t\t\t\t\t<\/a>\t\n\t\t\t\t<\/div>\n\n\t\t\t\t\t\t\t\t\n\t\t\t\t<div class=\"post post-93 type-post status-publish format-standard has-post-thumbnail hentry category-lire-la-suite tag-home-improvement\">\n\t\t\t\t\t<div class=\"post-categories\">\n\t\t\t\t\t\t<span>in<\/span>\n\t\t\t\t\t\t<a href=\"https:\/\/www.afrikisol.com\/?cat=88\" rel=\"category\">Lire La Suite<\/a>\t\t\t\t\t<\/div>\n\t\t\t\t\t<a href=\"https:\/\/www.afrikisol.com\/?p=93\" class=\"post-inner\">\t\t\n\t\t\t\t\t\t\t\t\t\t\t\t\t\t\t\t\t\t\t\t\t<img loading=\"lazy\" decoding=\"async\" width=\"302\" height=\"145\" src=\"https:\/\/www.afrikisol.com\/wp-content\/uploads\/2019\/10\/CAS.png\" class=\"attachment-full\" alt=\"\" title=\"CAS\" srcset=\"https:\/\/www.afrikisol.com\/wp-content\/uploads\/2019\/10\/CAS.png 302w, https:\/\/www.afrikisol.com\/wp-content\/uploads\/2019\/10\/CAS-300x144.png 300w\" sizes=\"auto, (max-width: 302px) 100vw, 302px\" \/>\t\t\t\t\t\t\t\n\t\t\t\t\t\t\n\t\t\t\t\t\t<p class=\"post-title\">Salon de l&rsquo;entreprise<\/p>\n\t\t\t\t\t\t\n\t\t\t\t\t\t\n\t\t\t\t\t\t\t\t\t\t\t\t\t<span class=\"read-more\">\t\t\t\n\t\t\t\t\t\t\t\tContinue &rarr;\t\t\t\t\t\t\t<\/span>\n\t\t\t\t\t\t\t\t\t\t\t<\/a>\t\n\t\t\t\t<\/div>\n\n\t\t\t\t\t\t\t\t\n\t\t\t\t<div class=\"post post-88 type-post status-publish format-standard has-post-thumbnail hentry category-lire-la-suite tag-green-building tag-icf-construction\">\n\t\t\t\t\t<div class=\"post-categories\">\n\t\t\t\t\t\t<span>in<\/span>\n\t\t\t\t\t\t<a href=\"https:\/\/www.afrikisol.com\/?cat=88\" rel=\"category\">Lire La Suite<\/a>\t\t\t\t\t<\/div>\n\t\t\t\t\t<a href=\"https:\/\/www.afrikisol.com\/?p=88\" class=\"post-inner\">\t\t\n\t\t\t\t\t\t\t\t\t\t\t\t\t\t\t\t\t\t\t\t\t<img loading=\"lazy\" decoding=\"async\" width=\"327\" height=\"143\" src=\"https:\/\/www.afrikisol.com\/wp-content\/uploads\/2019\/10\/petroAfrica2022-2-blog.png\" class=\"attachment-full\" alt=\"\" title=\"petroAfrica2022-2-blog\" srcset=\"https:\/\/www.afrikisol.com\/wp-content\/uploads\/2019\/10\/petroAfrica2022-2-blog.png 327w, https:\/\/www.afrikisol.com\/wp-content\/uploads\/2019\/10\/petroAfrica2022-2-blog-300x131.png 300w\" sizes=\"auto, (max-width: 327px) 100vw, 327px\" \/>\t\t\t\t\t\t\t\n\t\t\t\t\t\t\n\t\t\t\t\t\t<p class=\"post-title\">Salon PETROAFRICA<\/p>\n\t\t\t\t\t\t\n\t\t\t\t\t\t\n\t\t\t\t\t\t\t\t\t\t\t\t\t<span class=\"read-more\">\t\t\t\n\t\t\t\t\t\t\t\tContinue &rarr;\t\t\t\t\t\t\t<\/span>\n\t\t\t\t\t\t\t\t\t\t\t<\/a>\t\n\t\t\t\t<\/div>\n\n\t\t\t\t\t\t\t\t\n\t\t\t\t<div class=\"post post-85 type-post status-publish format-standard has-post-thumbnail hentry category-energy-savings tag-energy tag-wind\">\n\t\t\t\t\t<div class=\"post-categories\">\n\t\t\t\t\t\t<span>in<\/span>\n\t\t\t\t\t\t<a href=\"https:\/\/www.afrikisol.com\/?cat=17\" rel=\"category\">Energy Savings<\/a>\t\t\t\t\t<\/div>\n\t\t\t\t\t<a href=\"https:\/\/www.afrikisol.com\/?p=85\" class=\"post-inner\">\t\t\n\t\t\t\t\t\t\t\t\t\t\t\t\t\t\t\t\t\t\t\t\t<img loading=\"lazy\" decoding=\"async\" width=\"756\" height=\"567\" src=\"https:\/\/www.afrikisol.com\/wp-content\/uploads\/2025\/04\/forum-economique-tunisien-afrikisol.jpeg\" class=\"attachment-full\" alt=\"\" title=\"forum-economique-tunisien-afrikisol\" srcset=\"https:\/\/www.afrikisol.com\/wp-content\/uploads\/2025\/04\/forum-economique-tunisien-afrikisol.jpeg 756w, https:\/\/www.afrikisol.com\/wp-content\/uploads\/2025\/04\/forum-economique-tunisien-afrikisol-600x450.jpeg 600w, https:\/\/www.afrikisol.com\/wp-content\/uploads\/2025\/04\/forum-economique-tunisien-afrikisol-300x225.jpeg 300w\" sizes=\"auto, (max-width: 756px) 100vw, 756px\" \/>\t\t\t\t\t\t\t\n\t\t\t\t\t\t\n\t\t\t\t\t\t<p class=\"post-title\">Participation \u00e0 la 3\u00e8me \u00e9dition du forum \u00e9conomique Tuniso-Libyen<\/p>\n\t\t\t\t\t\t\n\t\t\t\t\t\t\n\t\t\t\t\t\t\t\t\t\t\t\t\t<span class=\"read-more\">\t\t\t\n\t\t\t\t\t\t\t\tContinue &rarr;\t\t\t\t\t\t\t<\/span>\n\t\t\t\t\t\t\t\t\t\t\t<\/a>\t\n\t\t\t\t<\/div>\n\n\t\t\t\t\t\t\t\t\n\t\t\t\t<div class=\"post post-79 type-post status-publish format-standard has-post-thumbnail hentry category-company-news tag-hanoi tag-signing\">\n\t\t\t\t\t<div class=\"post-categories\">\n\t\t\t\t\t\t<span>in<\/span>\n\t\t\t\t\t\t<a href=\"https:\/\/www.afrikisol.com\/?cat=14\" rel=\"category\">Company News<\/a>\t\t\t\t\t<\/div>\n\t\t\t\t\t<a href=\"https:\/\/www.afrikisol.com\/?p=79\" class=\"post-inner\">\t\t\n\t\t\t\t\t\t\t\t\t\t\t\t\t\t\t\t\t\t\t\t\t<img loading=\"lazy\" decoding=\"async\" width=\"329\" height=\"143\" src=\"https:\/\/www.afrikisol.com\/wp-content\/uploads\/2019\/10\/salon-entreprise-1-1-1.jpg\" class=\"attachment-full\" alt=\"\" title=\"salon-entreprise-1-1-1\" srcset=\"https:\/\/www.afrikisol.com\/wp-content\/uploads\/2019\/10\/salon-entreprise-1-1-1.jpg 329w, https:\/\/www.afrikisol.com\/wp-content\/uploads\/2019\/10\/salon-entreprise-1-1-1-300x130.jpg 300w\" sizes=\"auto, (max-width: 329px) 100vw, 329px\" \/>\t\t\t\t\t\t\t\n\t\t\t\t\t\t\n\t\t\t\t\t\t<p class=\"post-title\">Salon de l\u2019entreprise<\/p>\n\t\t\t\t\t\t\n\t\t\t\t\t\t\n\t\t\t\t\t\t\t\t\t\t\t\t\t<span class=\"read-more\">\t\t\t\n\t\t\t\t\t\t\t\tContinue &rarr;\t\t\t\t\t\t\t<\/span>\n\t\t\t\t\t\t\t\t\t\t\t<\/a>\t\n\t\t\t\t<\/div>\n\n\t\t\t\t\t\t\t\t\n\t\t\t\t<div class=\"post post-72 type-post status-publish format-standard has-post-thumbnail hentry category-human-stories tag-human tag-urban-planning\">\n\t\t\t\t\t<div class=\"post-categories\">\n\t\t\t\t\t\t<span>in<\/span>\n\t\t\t\t\t\t<a href=\"https:\/\/www.afrikisol.com\/?cat=11\" rel=\"category\">Human Stories<\/a>\t\t\t\t\t<\/div>\n\t\t\t\t\t<a href=\"https:\/\/www.afrikisol.com\/?p=72\" class=\"post-inner\">\t\t\n\t\t\t\t\t\t\t\t\t\t\t\t\t\t\t\t\t\t\t\t\t<img loading=\"lazy\" decoding=\"async\" width=\"1080\" height=\"476\" src=\"https:\/\/www.afrikisol.com\/wp-content\/uploads\/2019\/10\/NAPEC-2021-du-08-au-11-Novembre-2021.png\" class=\"attachment-full\" alt=\"\" title=\"\u00ab NAPEC 2021 \u00bb du 08 au 11 Novembre 2021\" srcset=\"https:\/\/www.afrikisol.com\/wp-content\/uploads\/2019\/10\/NAPEC-2021-du-08-au-11-Novembre-2021.png 1080w, https:\/\/www.afrikisol.com\/wp-content\/uploads\/2019\/10\/NAPEC-2021-du-08-au-11-Novembre-2021-600x264.png 600w, https:\/\/www.afrikisol.com\/wp-content\/uploads\/2019\/10\/NAPEC-2021-du-08-au-11-Novembre-2021-300x132.png 300w, https:\/\/www.afrikisol.com\/wp-content\/uploads\/2019\/10\/NAPEC-2021-du-08-au-11-Novembre-2021-1024x451.png 1024w, https:\/\/www.afrikisol.com\/wp-content\/uploads\/2019\/10\/NAPEC-2021-du-08-au-11-Novembre-2021-768x338.png 768w\" sizes=\"auto, (max-width: 1080px) 100vw, 1080px\" \/>\t\t\t\t\t\t\t\n\t\t\t\t\t\t\n\t\t\t\t\t\t<p class=\"post-title\">\u00ab NAPEC 2021 \u00bb du 08 au 11 Novembre 2021<\/p>\n\t\t\t\t\t\t\n\t\t\t\t\t\t\n\t\t\t\t\t\t\t\t\t\t\t\t\t<span class=\"read-more\">\t\t\t\n\t\t\t\t\t\t\t\tContinue &rarr;\t\t\t\t\t\t\t<\/span>\n\t\t\t\t\t\t\t\t\t\t\t<\/a>\t\n\t\t\t\t<\/div>\n\n\t\t\t\t\t\t\t\t\n\t\t\t\t<div class=\"post post-65 type-post status-publish format-standard has-post-thumbnail hentry category-innovation tag-building-code tag-continuous-insulation tag-installation-efficiency\">\n\t\t\t\t\t<div class=\"post-categories\">\n\t\t\t\t\t\t<span>in<\/span>\n\t\t\t\t\t\t<a href=\"https:\/\/www.afrikisol.com\/?cat=7\" rel=\"category\">Innovation<\/a>\t\t\t\t\t<\/div>\n\t\t\t\t\t<a href=\"https:\/\/www.afrikisol.com\/?p=65\" class=\"post-inner\">\t\t\n\t\t\t\t\t\t\t\t\t\t\t\t\t\t\t\t\t\t\t\t\t<img loading=\"lazy\" decoding=\"async\" width=\"2048\" height=\"1365\" src=\"https:\/\/www.afrikisol.com\/wp-content\/uploads\/2019\/10\/Article-presse-lentreprise-magazine.jpg\" class=\"attachment-full\" alt=\"\" title=\"Article presse l\u2019entreprise magazine\" srcset=\"https:\/\/www.afrikisol.com\/wp-content\/uploads\/2019\/10\/Article-presse-lentreprise-magazine.jpg 2048w, https:\/\/www.afrikisol.com\/wp-content\/uploads\/2019\/10\/Article-presse-lentreprise-magazine-600x400.jpg 600w, https:\/\/www.afrikisol.com\/wp-content\/uploads\/2019\/10\/Article-presse-lentreprise-magazine-300x200.jpg 300w, https:\/\/www.afrikisol.com\/wp-content\/uploads\/2019\/10\/Article-presse-lentreprise-magazine-1024x683.jpg 1024w, https:\/\/www.afrikisol.com\/wp-content\/uploads\/2019\/10\/Article-presse-lentreprise-magazine-768x512.jpg 768w, https:\/\/www.afrikisol.com\/wp-content\/uploads\/2019\/10\/Article-presse-lentreprise-magazine-1536x1024.jpg 1536w\" sizes=\"auto, (max-width: 2048px) 100vw, 2048px\" \/>\t\t\t\t\t\t\t\n\t\t\t\t\t\t\n\t\t\t\t\t\t<p class=\"post-title\">Article presse l\u2019entreprise magazine<\/p>\n\t\t\t\t\t\t\n\t\t\t\t\t\t\n\t\t\t\t\t\t\t\t\t\t\t\t\t<span class=\"read-more\">\t\t\t\n\t\t\t\t\t\t\t\tContinue &rarr;\t\t\t\t\t\t\t<\/span>\n\t\t\t\t\t\t\t\t\t\t\t<\/a>\t\n\t\t\t\t<\/div>\n\n\t\t\t\t\t\t\t\t\n\t\t\t\t<div class=\"post post-52 type-post status-publish format-standard has-post-thumbnail hentry category-diy-tips tag-energy-efficiency tag-home-improvement\">\n\t\t\t\t\t<div class=\"post-categories\">\n\t\t\t\t\t\t<span>in<\/span>\n\t\t\t\t\t\t<a href=\"https:\/\/www.afrikisol.com\/?cat=6\" rel=\"category\">DIY Tips<\/a>\t\t\t\t\t<\/div>\n\t\t\t\t\t<a href=\"https:\/\/www.afrikisol.com\/?p=52\" class=\"post-inner\">\t\t\n\t\t\t\t\t\t\t\t\t\t\t\t\t\t\t\t\t\t\t\t\t<img loading=\"lazy\" decoding=\"async\" width=\"800\" height=\"449\" src=\"https:\/\/www.afrikisol.com\/wp-content\/uploads\/2019\/10\/The-Green-Technology-Expo-du-26-au-29-Octobre-2021.jpg\" class=\"attachment-full\" alt=\"\" title=\"The Green Technology Expo\u00bb du 26 au 29 Octobre 2021\" srcset=\"https:\/\/www.afrikisol.com\/wp-content\/uploads\/2019\/10\/The-Green-Technology-Expo-du-26-au-29-Octobre-2021.jpg 800w, https:\/\/www.afrikisol.com\/wp-content\/uploads\/2019\/10\/The-Green-Technology-Expo-du-26-au-29-Octobre-2021-600x337.jpg 600w, https:\/\/www.afrikisol.com\/wp-content\/uploads\/2019\/10\/The-Green-Technology-Expo-du-26-au-29-Octobre-2021-300x168.jpg 300w, https:\/\/www.afrikisol.com\/wp-content\/uploads\/2019\/10\/The-Green-Technology-Expo-du-26-au-29-Octobre-2021-768x431.jpg 768w\" sizes=\"auto, (max-width: 800px) 100vw, 800px\" \/>\t\t\t\t\t\t\t\n\t\t\t\t\t\t\n\t\t\t\t\t\t<p class=\"post-title\">The Green Technology Expo\u00bb du 26 au 29 Octobre 2021.<\/p>\n\t\t\t\t\t\t\n\t\t\t\t\t\t\n\t\t\t\t\t\t\t\t\t\t\t\t\t<span class=\"read-more\">\t\t\t\n\t\t\t\t\t\t\t\tContinue &rarr;\t\t\t\t\t\t\t<\/span>\n\t\t\t\t\t\t\t\t\t\t\t<\/a>\t\n\t\t\t\t<\/div>\n\n\t\t\t\t\t\t\t\t\n\t\t\t\t<div class=\"post post-1 type-post status-publish format-standard has-post-thumbnail hentry category-industry-news tag-tradeshows\">\n\t\t\t\t\t<div class=\"post-categories\">\n\t\t\t\t\t\t<span>in<\/span>\n\t\t\t\t\t\t<a href=\"https:\/\/www.afrikisol.com\/?cat=3\" rel=\"category\">Industry News<\/a>\t\t\t\t\t<\/div>\n\t\t\t\t\t<a href=\"https:\/\/www.afrikisol.com\/?p=1\" class=\"post-inner\">\t\t\n\t\t\t\t\t\t\t\t\t\t\t\t\t\t\t\t\t\t\t\t\t<img loading=\"lazy\" decoding=\"async\" width=\"650\" height=\"284\" src=\"https:\/\/www.afrikisol.com\/wp-content\/uploads\/2019\/09\/image001-6.jpg\" class=\"attachment-full\" alt=\"\" title=\"image001-6\" srcset=\"https:\/\/www.afrikisol.com\/wp-content\/uploads\/2019\/09\/image001-6.jpg 650w, https:\/\/www.afrikisol.com\/wp-content\/uploads\/2019\/09\/image001-6-600x262.jpg 600w, https:\/\/www.afrikisol.com\/wp-content\/uploads\/2019\/09\/image001-6-300x131.jpg 300w\" sizes=\"auto, (max-width: 650px) 100vw, 650px\" \/>\t\t\t\t\t\t\t\n\t\t\t\t\t\t\n\t\t\t\t\t\t<p class=\"post-title\">Foire de Tripoli du 23 au 25 Mai 2021<\/p>\n\t\t\t\t\t\t\n\t\t\t\t\t\t\n\t\t\t\t\t\t\t\t\t\t\t\t\t<span class=\"read-more\">\t\t\t\n\t\t\t\t\t\t\t\tContinue &rarr;\t\t\t\t\t\t\t<\/span>\n\t\t\t\t\t\t\t\t\t\t\t<\/a>\t\n\t\t\t\t<\/div>\n\n\t\t\t\t\t\t\t\t\t\t\t<\/div>\n\t\t<\/div>\n\t<\/div>[\/vc_column][\/vc_row][vc_row][vc_column width=\u00a0\u00bb1\/5&Prime;][vc_single_image image=\u00a0\u00bb2236&Prime; img_size=\u00a0\u00bbmedium\u00a0\u00bb el_class=\u00a0\u00bbpartener\u00a0\u00bb][\/vc_column][vc_column width=\u00a0\u00bb1\/5&Prime;][vc_single_image image=\u00a0\u00bb2234&Prime; img_size=\u00a0\u00bbmedium\u00a0\u00bb el_class=\u00a0\u00bbpartener\u00a0\u00bb][\/vc_column][vc_column width=\u00a0\u00bb1\/5&Prime;][vc_single_image image=\u00a0\u00bb2233&Prime; img_size=\u00a0\u00bbmedium\u00a0\u00bb el_class=\u00a0\u00bbpartener\u00a0\u00bb][\/vc_column][vc_column width=\u00a0\u00bb1\/5&Prime;][vc_single_image image=\u00a0\u00bb2232&Prime; img_size=\u00a0\u00bbmedium\u00a0\u00bb el_class=\u00a0\u00bbpartener\u00a0\u00bb][\/vc_column][\/vc_row][vc_row][vc_column width=\u00a0\u00bb1\/5&Prime;][vc_single_image image=\u00a0\u00bb2231&Prime; img_size=\u00a0\u00bbmedium\u00a0\u00bb el_class=\u00a0\u00bbpartener\u00a0\u00bb][\/vc_column][vc_column width=\u00a0\u00bb1\/5&Prime;][vc_single_image image=\u00a0\u00bb2230&Prime; img_size=\u00a0\u00bbmedium\u00a0\u00bb el_class=\u00a0\u00bbpartener\u00a0\u00bb][\/vc_column][vc_column width=\u00a0\u00bb1\/5&Prime;][vc_single_image image=\u00a0\u00bb2228&Prime; img_size=\u00a0\u00bbmedium\u00a0\u00bb el_class=\u00a0\u00bbpartener\u00a0\u00bb][\/vc_column][vc_column width=\u00a0\u00bb1\/5&Prime;][vc_single_image image=\u00a0\u00bb2227&Prime; img_size=\u00a0\u00bbmedium\u00a0\u00bb el_class=\u00a0\u00bbpartener\u00a0\u00bb][\/vc_column][\/vc_row][vc_row][vc_column width=\u00a0\u00bb1\/5&Prime;][vc_single_image image=\u00a0\u00bb2226&Prime; img_size=\u00a0\u00bbmedium\u00a0\u00bb el_class=\u00a0\u00bbpartener\u00a0\u00bb][\/vc_column][vc_column width=\u00a0\u00bb1\/5&Prime;][vc_single_image image=\u00a0\u00bb2225&Prime; img_size=\u00a0\u00bbmedium\u00a0\u00bb el_class=\u00a0\u00bbpartener\u00a0\u00bb][\/vc_column][vc_column width=\u00a0\u00bb1\/5&Prime;][vc_single_image image=\u00a0\u00bb2223&Prime; img_size=\u00a0\u00bbmedium\u00a0\u00bb el_class=\u00a0\u00bbpartener\u00a0\u00bb][\/vc_column][vc_column width=\u00a0\u00bb1\/5&Prime;][vc_single_image image=\u00a0\u00bb2222&Prime; img_size=\u00a0\u00bbmedium\u00a0\u00bb el_class=\u00a0\u00bbpartener\u00a0\u00bb][\/vc_column][vc_column width=\u00a0\u00bb1\/5&Prime;][vc_single_image image=\u00a0\u00bb2221&Prime; img_size=\u00a0\u00bbmedium\u00a0\u00bb el_class=\u00a0\u00bbpartener\u00a0\u00bb][\/vc_column][\/vc_row][vc_row][vc_column width=\u00a0\u00bb1\/5&Prime;][vc_single_image image=\u00a0\u00bb2220&Prime; img_size=\u00a0\u00bbmedium\u00a0\u00bb el_class=\u00a0\u00bbpartener\u00a0\u00bb][\/vc_column][vc_column width=\u00a0\u00bb1\/5&Prime;][vc_single_image image=\u00a0\u00bb2219&Prime; img_size=\u00a0\u00bbmedium\u00a0\u00bb el_class=\u00a0\u00bbpartener\u00a0\u00bb][\/vc_column][vc_column width=\u00a0\u00bb1\/5&Prime;][vc_single_image image=\u00a0\u00bb2218&Prime; img_size=\u00a0\u00bbmedium\u00a0\u00bb el_class=\u00a0\u00bbpartener\u00a0\u00bb][\/vc_column][vc_column width=\u00a0\u00bb1\/5&Prime;][vc_single_image image=\u00a0\u00bb2217&Prime; img_size=\u00a0\u00bbmedium\u00a0\u00bb el_class=\u00a0\u00bbpartener\u00a0\u00bb][\/vc_column][vc_column width=\u00a0\u00bb1\/5&Prime;][vc_single_image image=\u00a0\u00bb2216&Prime; img_size=\u00a0\u00bbmedium\u00a0\u00bb el_class=\u00a0\u00bbpartener\u00a0\u00bb][\/vc_column][\/vc_row][vc_row][vc_column width=\u00a0\u00bb1\/5&Prime;][vc_single_image image=\u00a0\u00bb2215&Prime; img_size=\u00a0\u00bbmedium\u00a0\u00bb el_class=\u00a0\u00bbpartener\u00a0\u00bb][\/vc_column][vc_column width=\u00a0\u00bb1\/5&Prime;][vc_single_image image=\u00a0\u00bb2214&Prime; img_size=\u00a0\u00bbmedium\u00a0\u00bb el_class=\u00a0\u00bbpartener\u00a0\u00bb][\/vc_column][vc_column width=\u00a0\u00bb1\/5&Prime;][vc_single_image image=\u00a0\u00bb2213&Prime; img_size=\u00a0\u00bbmedium\u00a0\u00bb el_class=\u00a0\u00bbpartener\u00a0\u00bb][\/vc_column][vc_column width=\u00a0\u00bb1\/5&Prime;][vc_single_image image=\u00a0\u00bb2212&Prime; img_size=\u00a0\u00bbmedium\u00a0\u00bb el_class=\u00a0\u00bbpartener\u00a0\u00bb][\/vc_column][vc_column width=\u00a0\u00bb1\/5&Prime;][vc_single_image image=\u00a0\u00bb2211&Prime; img_size=\u00a0\u00bbmedium\u00a0\u00bb el_class=\u00a0\u00bbpartener\u00a0\u00bb][\/vc_column][\/vc_row][vc_row][vc_column width=\u00a0\u00bb1\/5&Prime;][vc_single_image image=\u00a0\u00bb2193&Prime; img_size=\u00a0\u00bbmedium\u00a0\u00bb el_class=\u00a0\u00bbpartener\u00a0\u00bb][\/vc_column][vc_column width=\u00a0\u00bb1\/5&Prime;][vc_single_image image=\u00a0\u00bb2192&Prime; img_size=\u00a0\u00bbmedium\u00a0\u00bb el_class=\u00a0\u00bbpartener\u00a0\u00bb][\/vc_column][vc_column width=\u00a0\u00bb1\/5&Prime;][vc_single_image image=\u00a0\u00bb2191&Prime; img_size=\u00a0\u00bbmedium\u00a0\u00bb el_class=\u00a0\u00bbpartener\u00a0\u00bb][\/vc_column][\/vc_row]<\/p>\n<\/div>","protected":false},"excerpt":{"rendered":"<p>[vc_section][\/vc_section][vc_section css=\u00a0\u00bb.vc_custom_1744618665620{margin-top: 100px !important;padding-top: 60px !important;}\u00a0\u00bb][vc_row content_placement=\u00a0\u00bbbottom\u00a0\u00bb css=\u00a0\u00bb.vc_custom_1744468831622{margin-top: -27px !important;margin-bottom: 35px !important;padding-top: 100px !important;padding-bottom: 100px !important;padding-left: 100px !important;background: #FFFFFF url(https:\/\/www.afrikisol.com\/wp-content\/uploads\/2025\/04\/Group-presentation-2.jpg?id=4203) !important;}\u00a0\u00bb][vc_column width=\u00a0\u00bb1\/2&Prime;][vc_custom_heading text=\u00a0\u00bbNos Actualit\u00e9s\u00a0\u00bb font_container=\u00a0\u00bbtag:div|font_size:60px|text_align:left|color:%23000000|line_height:44px\u00a0\u00bb use_theme_fonts=\u00a0\u00bbyes\u00a0\u00bb css=\u00a0\u00bb.vc_custom_1744622957061{margin-left: -600px !important;border-left-width: -50px !important;padding-left: -200px !important;}\u00a0\u00bb][vc_empty_space height=\u00a0\u00bb20px\u00a0\u00bb][\/vc_column][vc_column width=\u00a0\u00bb1\/12&Prime;][\/vc_column][vc_column width=\u00a0\u00bb1\/3&Prime;][vc_empty_space height=\u00a0\u00bb25px\u00a0\u00bb css=\u00a0\u00bb.vc_custom_1744040655749{margin-left: -600px !important;border-left-width: -50px !important;padding-left: -200px !important;}\u00a0\u00bb][\/vc_column][vc_column width=\u00a0\u00bb1\/12&Prime;][\/vc_column][\/vc_row][\/vc_section][vc_row content_placement=\u00a0\u00bbbottom\u00a0\u00bb css=\u00a0\u00bb.vc_custom_1744385595795{margin-top: 50px !important;margin-bottom: 35px !important;}\u00a0\u00bb][vc_column width=\u00a0\u00bb1\/2&Prime; css=\u00a0\u00bb.vc_custom_1747318540554{padding-top: 45px !important;}\u00a0\u00bb][vc_custom_heading [&hellip;]<\/p>\n","protected":false},"author":8,"featured_media":0,"parent":3024,"menu_order":0,"comment_status":"closed","ping_status":"closed","template":"tmpl\/template-fullwidth.php","meta":{"footnotes":""},"class_list":["post-4221","page","type-page","status-publish","hentry"],"_links":{"self":[{"href":"https:\/\/www.afrikisol.com\/index.php?rest_route=\/wp\/v2\/pages\/4221","targetHints":{"allow":["GET"]}}],"collection":[{"href":"https:\/\/www.afrikisol.com\/index.php?rest_route=\/wp\/v2\/pages"}],"about":[{"href":"https:\/\/www.afrikisol.com\/index.php?rest_route=\/wp\/v2\/types\/page"}],"author":[{"embeddable":true,"href":"https:\/\/www.afrikisol.com\/index.php?rest_route=\/wp\/v2\/users\/8"}],"replies":[{"embeddable":true,"href":"https:\/\/www.afrikisol.com\/index.php?rest_route=%2Fwp%2Fv2%2Fcomments&post=4221"}],"version-history":[{"count":1,"href":"https:\/\/www.afrikisol.com\/index.php?rest_route=\/wp\/v2\/pages\/4221\/revisions"}],"predecessor-version":[{"id":5213,"href":"https:\/\/www.afrikisol.com\/index.php?rest_route=\/wp\/v2\/pages\/4221\/revisions\/5213"}],"up":[{"embeddable":true,"href":"https:\/\/www.afrikisol.com\/index.php?rest_route=\/wp\/v2\/pages\/3024"}],"wp:attachment":[{"href":"https:\/\/www.afrikisol.com\/index.php?rest_route=%2Fwp%2Fv2%2Fmedia&parent=4221"}],"curies":[{"name":"wp","href":"https:\/\/api.w.org\/{rel}","templated":true}]}}