{"id":3679,"date":"2019-12-18T02:36:12","date_gmt":"2019-12-18T01:36:12","guid":{"rendered":"https:\/\/www.afrikisol.com\/last\/?page_id=3679"},"modified":"2025-06-11T13:56:14","modified_gmt":"2025-06-11T11:56:14","slug":"certifications-2","status":"publish","type":"page","link":"https:\/\/www.afrikisol.com\/?page_id=3679","title":{"rendered":"Certifications"},"content":{"rendered":"<div class=\"wpb-content-wrapper\"><p>[vc_section css=\u00a0\u00bb.vc_custom_1744618665620{margin-top: 100px !important;padding-top: 60px !important;}\u00a0\u00bb][vc_row content_placement=\u00a0\u00bbbottom\u00a0\u00bb css=\u00a0\u00bb.vc_custom_1744468831622{margin-top: -27px !important;margin-bottom: 35px !important;padding-top: 100px !important;padding-bottom: 100px !important;padding-left: 100px !important;background: #FFFFFF url(https:\/\/www.afrikisol.com\/wp-content\/uploads\/2025\/04\/Group-presentation-2.jpg?id=4203) !important;}\u00a0\u00bb][vc_column width=\u00a0\u00bb1\/2&Prime;][vc_custom_heading text=\u00a0\u00bb<span style=``font-weight:500``>Nos Certificats<\/span>\u00a0\u00bb font_container=\u00a0\u00bbtag:div|font_size:60px|text_align:left|color:%23000000|line_height:44px\u00a0\u00bb use_theme_fonts=\u00a0\u00bbyes\u00a0\u00bb css=\u00a0\u00bb.vc_custom_1744469277735{margin-left: -600px !important;border-left-width: -50px !important;padding-left: -200px !important;}\u00a0\u00bb][vc_empty_space height=\u00a0\u00bb20px\u00a0\u00bb][\/vc_column][vc_column width=\u00a0\u00bb1\/12&Prime;][\/vc_column][vc_column width=\u00a0\u00bb1\/3&Prime;][vc_empty_space height=\u00a0\u00bb25px\u00a0\u00bb css=\u00a0\u00bb.vc_custom_1744040655749{margin-left: -600px !important;border-left-width: -50px !important;padding-left: -200px !important;}\u00a0\u00bb][\/vc_column][vc_column width=\u00a0\u00bb1\/12&Prime;][\/vc_column][\/vc_row][\/vc_section][vc_section css=\u00a0\u00bb.vc_custom_1744469653236{padding-top: 10px !important;}\u00a0\u00bb][vc_row][vc_column][vc_empty_space height=\u00a0\u00bb15px\u00a0\u00bb][\/vc_column][\/vc_row][vc_row content_placement=\u00a0\u00bbbottom\u00a0\u00bb css=\u00a0\u00bb.vc_custom_1744989198910{margin-top: 50px !important;margin-bottom: 35px !important;}\u00a0\u00bb][vc_column width=\u00a0\u00bb1\/2&Prime;][vc_custom_heading text=\u00a0\u00bbQuelques certificats<br \/>\nconcernant notre secteur d&rsquo;activit\u00e9\u00a0\u00bb font_container=\u00a0\u00bbtag:h2|font_size:40px|text_align:left|line_height:44px\u00a0\u00bb use_theme_fonts=\u00a0\u00bbyes\u00a0\u00bb css=\u00a0\u00bb\u00a0\u00bb][vc_empty_space height=\u00a0\u00bb20px\u00a0\u00bb][\/vc_column][vc_column width=\u00a0\u00bb1\/12&Prime;][\/vc_column][vc_column width=\u00a0\u00bb1\/3&Prime;][vc_column_text css=\u00a0\u00bb\u00a0\u00bb]Nos certifications refl\u00e8tent notre expertise en isolation thermique calorifuge et en calorifugeage tuyauterie industrielle, entreprise de calorifugeage industriel et d\u2019isolation thermique.[\/vc_column_text][vc_empty_space height=\u00a0\u00bb25px\u00a0\u00bb][\/vc_column][vc_column width=\u00a0\u00bb1\/12&Prime;][\/vc_column][\/vc_row][vc_row][vc_column width=\u00a0\u00bb1\/3&Prime;][vc_column_text css=\u00a0\u00bb\u00a0\u00bb]<center><a href=\"https:\/\/www.afrikisol.com\/wp-content\/uploads\/2022\/07\/ISO-9001-2015.pdf\"><img loading=\"lazy\" decoding=\"async\" class=\"alignnone wp-image-1571 size-medium\" src=\"https:\/\/www.afrikisol.com\/wp-content\/uploads\/2020\/10\/certe-02.jpg\" alt=\"certe02\" width=\"244\" height=\"300\" \/><\/a><\/center><\/p>\n<h3><a href=\"https:\/\/www.afrikisol.com\/wp-content\/uploads\/2022\/07\/ISO-9001-2015.pdf\">Certification ISO 9001:2015<\/a><\/h3>\n<p><span style=\"color: #000000;\">Le Groupe AFRIKISOL a obtenu une nouvelle certification par le bureau VERITAS, <a href=\"https:\/\/www.certification-qse.com\/iso-9001-version-2015\/#:~:text=ISO%209001v2015-,ISO%209001v2015,des%20minist\u00e8res%2C%20des%20associations%2C%20\u2026\">ISO 9001 version 2015<\/a><br \/>\nManagement de la qualit\u00e9 dans son domaine d\u2019activit\u00e9 : \u201c <a href=\"https:\/\/www.afrikisol.com\/groupe-afrikisol\/nos-projets\/\">R\u00e9alisation des projets cl\u00e9 en main<\/a> en fournitures,<br \/>\nmontage et <a href=\"https:\/\/www.afrikisol.com\/groupe-afrikisol\/etude-et-realisation\/\">calorifugeage des tuyauteries<\/a>, \u00e9quipements industriels et \u00e9chafaudages \u201c .<\/span>[\/vc_column_text][\/vc_column][vc_column width=\u00a0\u00bb1\/3&Prime;][vc_column_text css=\u00a0\u00bb\u00a0\u00bb]<center><a href=\"https:\/\/www.afrikisol.com\/wp-content\/uploads\/2022\/07\/ISO-1401-2015.pdf\"><img loading=\"lazy\" decoding=\"async\" class=\"alignnone wp-image-1570 size-medium\" src=\"https:\/\/www.afrikisol.com\/wp-content\/uploads\/2025\/04\/ISO-14001-2015-certified.jpg;\" alt=\"certe03\" width=\"244\" height=\"300\" \/><\/a><\/center><\/p>\n<h3><a href=\"https:\/\/www.afrikisol.com\/wp-content\/uploads\/2022\/07\/ISO-1401-2015.pdf\">Certification ISO 14001:2015<\/a><\/h3>\n<p><span style=\"color: #000000;\">Mise en place du syst\u00e8me de management environnemental selon<a href=\"https:\/\/www.iso.org\/fr\/standard\/60857.html\"> l\u2019ISO 14001 v 2015<\/a><\/span>[\/vc_column_text][\/vc_column][vc_column width=\u00a0\u00bb1\/3&Prime;][vc_column_text css=\u00a0\u00bb\u00a0\u00bb]<center><a href=\"https:\/\/www.afrikisol.com\/wp-content\/uploads\/2022\/07\/Certificat-ISO-45001.pdf\"><img loading=\"lazy\" decoding=\"async\" class=\"alignnone wp-image-1571 size-medium\" src=\"https:\/\/www.afrikisol.com\/wp-content\/uploads\/2020\/10\/certe-01.jpg\" alt=\"certe01\" width=\"244\" height=\"300\" \/><\/a><\/center><\/p>\n<h3><a href=\"https:\/\/www.afrikisol.com\/wp-content\/uploads\/2022\/07\/Certificat-ISO-45001.pdf\">Certification ISO 45001(2018)<\/a><\/h3>\n<p><span style=\"color: #000000;\"> Certified Occupational Health and Safety Management <a href=\"https:\/\/www.iso.org\/fr\/standard\/63787.html#:~:text=L%27ISO%2045001%3A2018%20sp\u00e9cifie,traumatismes%20et%20pathologies%20li\u00e9s%20au\">ISO 45001(2018)<\/a> .<\/span>[\/vc_column_text][\/vc_column][\/vc_row][vc_row][vc_column width=\u00a0\u00bb1\/3&Prime;][vc_column_text css=\u00a0\u00bb\u00a0\u00bb]<center><a href=\"https:\/\/www.afrikisol.com\/wp-content\/uploads\/2022\/07\/CERTIFICAT-MSI-20000.pdf\"><img loading=\"lazy\" decoding=\"async\" class=\"alignnone wp-image-1571 size-medium\" src=\"https:\/\/www.afrikisol.com\/wp-content\/uploads\/2021\/11\/afrikisol-certification-msi-2000.png\" alt=\"certification\" width=\"244\" height=\"300\" \/><\/a><\/center><\/p>\n<h3><a href=\"https:\/\/www.afrikisol.com\/wp-content\/uploads\/2022\/07\/CERTIFICAT-MSI-20000.pdf\">Certification de conformit\u00e9 au Standard MSI 20000<\/a><\/h3>\n<p><span style=\"color: #000000;\">AFRIKISOL, 1\u00e8re PME Industrielle en Tunisie certifi\u00e9e conforme au Standard MSI 20000 par SGS<\/span>[\/vc_column_text][\/vc_column][vc_column width=\u00a0\u00bb1\/3&Prime;][vc_column_text css=\u00a0\u00bb\u00a0\u00bb]<center><a href=\"https:\/\/www.afrikisol.com\/wp-content\/uploads\/2022\/07\/certificate-satar-of-quality.pdf\"><img loading=\"lazy\" decoding=\"async\" class=\"alignnone wp-image-1570 size-medium\" src=\"https:\/\/www.afrikisol.com\/wp-content\/uploads\/2021\/11\/certification-quality-award.jpg\" alt=\"certification\" width=\"244\" height=\"300\" \/><\/a><\/center><\/p>\n<h3><a href=\"https:\/\/www.afrikisol.com\/wp-content\/uploads\/2022\/07\/certificate-satar-of-quality.pdf\">STAR FOR LEADERSHIP IN QUALITY AWARD<\/a><\/h3>\n<p><span style=\"color: #000000;\"> Le Prix International de Leadership dans la cat\u00e9gorie OR \u2013 Paris 2017 International STAR FOR LEADERSHIP IN QUALITY AWARD<\/span>[\/vc_column_text][\/vc_column][vc_column width=\u00a0\u00bb1\/3&Prime;][vc_column_text css=\u00a0\u00bb\u00a0\u00bb]<center><a href=\"https:\/\/www.afrikisol.com\/wp-content\/uploads\/2022\/07\/MED17003-2017-Mediterranean-Enterprise-Awards-Certificate-1.pdf\"><img loading=\"lazy\" decoding=\"async\" class=\"alignnone wp-image-1571 size-medium\" src=\"https:\/\/www.afrikisol.com\/wp-content\/uploads\/2021\/11\/certification-quality-award1-1.jpg\" alt=\"modifier by chahnez\" width=\"244\" height=\"300\" \/><\/a><\/center><\/p>\n<h3><a href=\"https:\/\/www.afrikisol.com\/wp-content\/uploads\/2022\/07\/MED17003-2017-Mediterranean-Enterprise-Awards-Certificate-1.pdf\">Ce Meditrranean enterprise awards 2017<\/a><\/h3>\n<p><span style=\"color: #000000;\"> Meditrranean enterprise awards 2017 <\/span>[\/vc_column_text][\/vc_column][\/vc_row][vc_row][vc_column][vc_empty_space height=\u00a0\u00bb50px\u00a0\u00bb][vc_column_text css=\u00a0\u00bb\u00a0\u00bb]<\/p>\n<p style=\"text-align: center;\"><strong class=\"badge\" style=\"background-color: #2b5aa2; color: white;\">Pour Information<\/strong> AFRKISOL a \u00e9t\u00e9 audit\u00e9e selon le standard international consacr\u00e9 \u00e0 la qualit\u00e9 financi\u00e8re des entreprises et des institutions MSI 20000<\/p>\n<p>[\/vc_column_text][\/vc_column][\/vc_row][\/vc_section][vc_section css=\u00a0\u00bb.vc_custom_1605832872726{padding-top: 80px !important;}\u00a0\u00bb][\/vc_section]<\/p>\n<\/div>","protected":false},"excerpt":{"rendered":"<p>[vc_section css=\u00a0\u00bb.vc_custom_1744618665620{margin-top: 100px !important;padding-top: 60px !important;}\u00a0\u00bb][vc_row content_placement=\u00a0\u00bbbottom\u00a0\u00bb css=\u00a0\u00bb.vc_custom_1744468831622{margin-top: -27px !important;margin-bottom: 35px !important;padding-top: 100px !important;padding-bottom: 100px !important;padding-left: 100px !important;background: #FFFFFF url(https:\/\/www.afrikisol.com\/wp-content\/uploads\/2025\/04\/Group-presentation-2.jpg?id=4203) !important;}\u00a0\u00bb][vc_column width=\u00a0\u00bb1\/2&Prime;][vc_custom_heading text=\u00a0\u00bbNos Certificats\u00a0\u00bb font_container=\u00a0\u00bbtag:div|font_size:60px|text_align:left|color:%23000000|line_height:44px\u00a0\u00bb use_theme_fonts=\u00a0\u00bbyes\u00a0\u00bb css=\u00a0\u00bb.vc_custom_1744469277735{margin-left: -600px !important;border-left-width: -50px !important;padding-left: -200px !important;}\u00a0\u00bb][vc_empty_space height=\u00a0\u00bb20px\u00a0\u00bb][\/vc_column][vc_column width=\u00a0\u00bb1\/12&Prime;][\/vc_column][vc_column width=\u00a0\u00bb1\/3&Prime;][vc_empty_space height=\u00a0\u00bb25px\u00a0\u00bb css=\u00a0\u00bb.vc_custom_1744040655749{margin-left: -600px !important;border-left-width: -50px !important;padding-left: -200px !important;}\u00a0\u00bb][\/vc_column][vc_column width=\u00a0\u00bb1\/12&Prime;][\/vc_column][\/vc_row][\/vc_section][vc_section css=\u00a0\u00bb.vc_custom_1744469653236{padding-top: 10px !important;}\u00a0\u00bb][vc_row][vc_column][vc_empty_space height=\u00a0\u00bb15px\u00a0\u00bb][\/vc_column][\/vc_row][vc_row content_placement=\u00a0\u00bbbottom\u00a0\u00bb css=\u00a0\u00bb.vc_custom_1744989198910{margin-top: 50px !important;margin-bottom: 35px !important;}\u00a0\u00bb][vc_column [&hellip;]<\/p>\n","protected":false},"author":8,"featured_media":0,"parent":3024,"menu_order":0,"comment_status":"closed","ping_status":"closed","template":"tmpl\/template-fullwidth.php","meta":{"footnotes":""},"class_list":["post-3679","page","type-page","status-publish","hentry"],"_links":{"self":[{"href":"https:\/\/www.afrikisol.com\/index.php?rest_route=\/wp\/v2\/pages\/3679","targetHints":{"allow":["GET"]}}],"collection":[{"href":"https:\/\/www.afrikisol.com\/index.php?rest_route=\/wp\/v2\/pages"}],"about":[{"href":"https:\/\/www.afrikisol.com\/index.php?rest_route=\/wp\/v2\/types\/page"}],"author":[{"embeddable":true,"href":"https:\/\/www.afrikisol.com\/index.php?rest_route=\/wp\/v2\/users\/8"}],"replies":[{"embeddable":true,"href":"https:\/\/www.afrikisol.com\/index.php?rest_route=%2Fwp%2Fv2%2Fcomments&post=3679"}],"version-history":[{"count":0,"href":"https:\/\/www.afrikisol.com\/index.php?rest_route=\/wp\/v2\/pages\/3679\/revisions"}],"up":[{"embeddable":true,"href":"https:\/\/www.afrikisol.com\/index.php?rest_route=\/wp\/v2\/pages\/3024"}],"wp:attachment":[{"href":"https:\/\/www.afrikisol.com\/index.php?rest_route=%2Fwp%2Fv2%2Fmedia&parent=3679"}],"curies":[{"name":"wp","href":"https:\/\/api.w.org\/{rel}","templated":true}]}}