{"id":1716,"date":"2020-11-13T17:55:57","date_gmt":"2020-11-13T16:55:57","guid":{"rendered":"http:\/\/unicom-tn.com\/afrikisol\/?page_id=1716"},"modified":"2025-05-19T18:04:51","modified_gmt":"2025-05-19T16:04:51","slug":"nos-references","status":"publish","type":"page","link":"https:\/\/www.afrikisol.com\/?page_id=1716","title":{"rendered":"Nos r\u00e9f\u00e9rences"},"content":{"rendered":"<div class=\"wpb-content-wrapper\"><p>[vc_section][\/vc_section][vc_section css=\u00a0\u00bb.vc_custom_1744618665620{margin-top: 100px !important;padding-top: 60px !important;}\u00a0\u00bb][vc_row content_placement=\u00a0\u00bbbottom\u00a0\u00bb css=\u00a0\u00bb.vc_custom_1744468831622{margin-top: -27px !important;margin-bottom: 35px !important;padding-top: 100px !important;padding-bottom: 100px !important;padding-left: 100px !important;background: #FFFFFF url(https:\/\/www.afrikisol.com\/wp-content\/uploads\/2025\/04\/Group-presentation-2.jpg?id=4203) !important;}\u00a0\u00bb][vc_column width=\u00a0\u00bb1\/2&Prime;][vc_custom_heading text=\u00a0\u00bb<span style=``font-weight:500``>Nos R\u00e9f\u00e9rences<\/span>\u00a0\u00bb font_container=\u00a0\u00bbtag:div|font_size:60px|text_align:left|color:%23000000|line_height:44px\u00a0\u00bb use_theme_fonts=\u00a0\u00bbyes\u00a0\u00bb css=\u00a0\u00bb.vc_custom_1747670685071{margin-left: -600px !important;border-left-width: -50px !important;padding-left: -200px !important;}\u00a0\u00bb][vc_empty_space height=\u00a0\u00bb20px\u00a0\u00bb][\/vc_column][vc_column width=\u00a0\u00bb1\/12&Prime;][\/vc_column][vc_column width=\u00a0\u00bb1\/3&Prime;][vc_empty_space height=\u00a0\u00bb25px\u00a0\u00bb css=\u00a0\u00bb.vc_custom_1744040655749{margin-left: -600px !important;border-left-width: -50px !important;padding-left: -200px !important;}\u00a0\u00bb][\/vc_column][vc_column width=\u00a0\u00bb1\/12&Prime;][\/vc_column][\/vc_row][\/vc_section][vc_row content_placement=\u00a0\u00bbbottom\u00a0\u00bb css=\u00a0\u00bb.vc_custom_1744385595795{margin-top: 50px !important;margin-bottom: 35px !important;}\u00a0\u00bb][vc_column width=\u00a0\u00bb1\/2&Prime; css=\u00a0\u00bb.vc_custom_1747318417234{padding-top: 45px !important;}\u00a0\u00bb][vc_custom_heading text=\u00a0\u00bbIls nous ont fait confiance !<br \/>\nLe partenaire des industriels.\u00a0\u00bb font_container=\u00a0\u00bbtag:h2|font_size:40px|text_align:left|line_height:44px\u00a0\u00bb use_theme_fonts=\u00a0\u00bbyes\u00a0\u00bb css=\u00a0\u00bb.vc_custom_1747319987138{padding-bottom: 20px !important;}\u00a0\u00bb][vc_empty_space height=\u00a0\u00bb50px\u00a0\u00bb][\/vc_column][vc_column width=\u00a0\u00bb1\/12&Prime;][\/vc_column][vc_column width=\u00a0\u00bb1\/3&Prime;][vc_column_text css=\u00a0\u00bb.vc_custom_1747319997373{padding-bottom: 20px !important;}\u00a0\u00bb]Reconnus par des clients internationaux dans la finance, la sant\u00e9 et la technologie, nous b\u00e2tissons des partenariats durables fond\u00e9s sur une vision commune du progr\u00e8s.[\/vc_column_text][vc_empty_space height=\u00a0\u00bb\u00a0\u00bb css=\u00a0\u00bb.vc_custom_1747319806886{padding-bottom: 45px !important;}\u00a0\u00bb][\/vc_column][vc_column width=\u00a0\u00bb1\/12&Prime;][\/vc_column][\/vc_row][vc_row][vc_column][vc_gallery type=\u00a0\u00bbimage_grid\u00a0\u00bb images=\u00a0\u00bb4266,4337,4268,4269,4270,4342&Prime; css=\u00a0\u00bb\u00a0\u00bb][\/vc_column][\/vc_row][vc_row][vc_column][vc_gallery type=\u00a0\u00bbimage_grid\u00a0\u00bb images=\u00a0\u00bb4343,4344,4274,4275,4276,4277&Prime; css=\u00a0\u00bb\u00a0\u00bb][\/vc_column][\/vc_row][vc_row][vc_column][vc_gallery type=\u00a0\u00bbimage_grid\u00a0\u00bb images=\u00a0\u00bb4278,4279,4280,4281,4283,4355&Prime; css=\u00a0\u00bb\u00a0\u00bb][\/vc_column][\/vc_row][vc_row][vc_column][vc_gallery type=\u00a0\u00bbimage_grid\u00a0\u00bb images=\u00a0\u00bb4285,4288,4284,4289,4286,4287&Prime; css=\u00a0\u00bb\u00a0\u00bb][\/vc_column][\/vc_row][vc_row][vc_column][vc_gallery type=\u00a0\u00bbimage_grid\u00a0\u00bb images=\u00a0\u00bb4290,4292,4293,4294,4295,4339&Prime; css=\u00a0\u00bb\u00a0\u00bb][\/vc_column][\/vc_row][vc_row][vc_column][vc_gallery type=\u00a0\u00bbimage_grid\u00a0\u00bb images=\u00a0\u00bb4296,4341,4297,4299,4301,4354&Prime; css=\u00a0\u00bb\u00a0\u00bb][\/vc_column][\/vc_row][vc_row][vc_column][vc_gallery type=\u00a0\u00bbimage_grid\u00a0\u00bb images=\u00a0\u00bb4357,4303,4302,4304,4307,4353&Prime; css=\u00a0\u00bb\u00a0\u00bb][\/vc_column][\/vc_row][vc_row][vc_column][vc_gallery type=\u00a0\u00bbimage_grid\u00a0\u00bb images=\u00a0\u00bb4308,4310,4356,4348,4349,4312&Prime; css=\u00a0\u00bb\u00a0\u00bb][\/vc_column][\/vc_row][vc_row][vc_column][vc_gallery type=\u00a0\u00bbimage_grid\u00a0\u00bb images=\u00a0\u00bb4314,4316,4347,4319,4318,4350&Prime; css=\u00a0\u00bb\u00a0\u00bb][\/vc_column][\/vc_row][vc_row][vc_column][vc_gallery type=\u00a0\u00bbimage_grid\u00a0\u00bb images=\u00a0\u00bb4363,4340,4329,4331,4346,4336&Prime; css=\u00a0\u00bb\u00a0\u00bb][\/vc_column][\/vc_row][vc_row][vc_column][vc_gallery type=\u00a0\u00bbimage_grid\u00a0\u00bb images=\u00a0\u00bb4320,4321,4322,4323,4325,4352&Prime; css=\u00a0\u00bb\u00a0\u00bb][\/vc_column][\/vc_row][vc_row][vc_column][vc_gallery type=\u00a0\u00bbimage_grid\u00a0\u00bb images=\u00a0\u00bb4338,4351,4345,4333,4334,4328&Prime; css=\u00a0\u00bb\u00a0\u00bb][\/vc_column][\/vc_row]<\/p>\n<\/div>","protected":false},"excerpt":{"rendered":"<p>[vc_section][\/vc_section][vc_section css=\u00a0\u00bb.vc_custom_1744618665620{margin-top: 100px !important;padding-top: 60px !important;}\u00a0\u00bb][vc_row content_placement=\u00a0\u00bbbottom\u00a0\u00bb css=\u00a0\u00bb.vc_custom_1744468831622{margin-top: -27px !important;margin-bottom: 35px !important;padding-top: 100px !important;padding-bottom: 100px !important;padding-left: 100px !important;background: #FFFFFF url(https:\/\/www.afrikisol.com\/wp-content\/uploads\/2025\/04\/Group-presentation-2.jpg?id=4203) !important;}\u00a0\u00bb][vc_column width=\u00a0\u00bb1\/2&Prime;][vc_custom_heading text=\u00a0\u00bbNos R\u00e9f\u00e9rences\u00a0\u00bb font_container=\u00a0\u00bbtag:div|font_size:60px|text_align:left|color:%23000000|line_height:44px\u00a0\u00bb use_theme_fonts=\u00a0\u00bbyes\u00a0\u00bb css=\u00a0\u00bb.vc_custom_1747670685071{margin-left: -600px !important;border-left-width: -50px !important;padding-left: -200px !important;}\u00a0\u00bb][vc_empty_space height=\u00a0\u00bb20px\u00a0\u00bb][\/vc_column][vc_column width=\u00a0\u00bb1\/12&Prime;][\/vc_column][vc_column width=\u00a0\u00bb1\/3&Prime;][vc_empty_space height=\u00a0\u00bb25px\u00a0\u00bb css=\u00a0\u00bb.vc_custom_1744040655749{margin-left: -600px !important;border-left-width: -50px !important;padding-left: -200px !important;}\u00a0\u00bb][\/vc_column][vc_column width=\u00a0\u00bb1\/12&Prime;][\/vc_column][\/vc_row][\/vc_section][vc_row content_placement=\u00a0\u00bbbottom\u00a0\u00bb css=\u00a0\u00bb.vc_custom_1744385595795{margin-top: 50px !important;margin-bottom: 35px !important;}\u00a0\u00bb][vc_column width=\u00a0\u00bb1\/2&Prime; css=\u00a0\u00bb.vc_custom_1747318417234{padding-top: 45px !important;}\u00a0\u00bb][vc_custom_heading [&hellip;]<\/p>\n","protected":false},"author":8,"featured_media":0,"parent":3024,"menu_order":0,"comment_status":"closed","ping_status":"closed","template":"tmpl\/template-fullwidth.php","meta":{"footnotes":""},"class_list":["post-1716","page","type-page","status-publish","hentry"],"_links":{"self":[{"href":"https:\/\/www.afrikisol.com\/index.php?rest_route=\/wp\/v2\/pages\/1716","targetHints":{"allow":["GET"]}}],"collection":[{"href":"https:\/\/www.afrikisol.com\/index.php?rest_route=\/wp\/v2\/pages"}],"about":[{"href":"https:\/\/www.afrikisol.com\/index.php?rest_route=\/wp\/v2\/types\/page"}],"author":[{"embeddable":true,"href":"https:\/\/www.afrikisol.com\/index.php?rest_route=\/wp\/v2\/users\/8"}],"replies":[{"embeddable":true,"href":"https:\/\/www.afrikisol.com\/index.php?rest_route=%2Fwp%2Fv2%2Fcomments&post=1716"}],"version-history":[{"count":0,"href":"https:\/\/www.afrikisol.com\/index.php?rest_route=\/wp\/v2\/pages\/1716\/revisions"}],"up":[{"embeddable":true,"href":"https:\/\/www.afrikisol.com\/index.php?rest_route=\/wp\/v2\/pages\/3024"}],"wp:attachment":[{"href":"https:\/\/www.afrikisol.com\/index.php?rest_route=%2Fwp%2Fv2%2Fmedia&parent=1716"}],"curies":[{"name":"wp","href":"https:\/\/api.w.org\/{rel}","templated":true}]}}